{"id":963,"date":"2016-09-19T13:43:30","date_gmt":"2016-09-19T11:43:30","guid":{"rendered":"https:\/\/intimind.es\/?page_id=963"},"modified":"2018-10-30T19:56:42","modified_gmt":"2018-10-30T18:56:42","slug":"mara-psicologa","status":"publish","type":"page","link":"https:\/\/intimind.es\/home\/mara-psicologa\/","title":{"rendered":"Mara &#8211; Psic\u00f3loga"},"content":{"rendered":"<p>[vc_row css=\u00bb.vc_custom_1539982485211{background-image: url(https:\/\/intimind.es\/wp-content\/uploads\/2018\/10\/fonfo-bubble-3-lineas-1024&#215;539.png?id=2289) !important;}\u00bb][vc_column][vc_column_text]<\/p>\n<h1><img src=\"https:\/\/intimind.es\/wp-content\/uploads\/2015\/12\/corchete_abierto.png\" alt=\"\" \/>Mara Claramunt\u00a0&#8211; Psic\u00f3loga<img src=\"https:\/\/intimind.es\/wp-content\/uploads\/2015\/12\/corchete_cerrado.png\" alt=\"\" \/><\/h1>\n<p>[\/vc_column_text][\/vc_column][\/vc_row][vc_row el_class=\u00bbroboto\u00bb][vc_column][vc_row_inner][vc_column_inner width=\u00bb1\/4&#8243;][vc_single_image image=\u00bb1894&#8243; img_size=\u00bbfull\u00bb][\/vc_column_inner][vc_column_inner width=\u00bb3\/4&#8243;][vc_column_text]<\/p>\n<p style=\"text-align: justify;\"><span style=\"color: #465760;\">Desde las primeras pr\u00e1cticas de meditaci\u00f3n se comprueba la utilidad y necesidad de crear esos<\/span><br \/>\n<span style=\"color: #465760;\">espacios de contacto con nosotros mismos y con el momento presente.<\/span><br \/>\n<span style=\"color: #465760;\">Las pr\u00e1cticas de Intimind nos ayudan a salir del piloto autom\u00e1tico y empezar a ser m\u00e1s<\/span><br \/>\n<span style=\"color: #465760;\">conscientes de c\u00f3mo estamos viviendo nuestra vida.<\/span><br \/>\n<span style=\"color: #465760;\">Para m\u00ed, Mindfulness es una herramienta imprescindible en el camino del desarrollo personal y<\/span><br \/>\n<span style=\"color: #465760;\">profesional, \u00e1mbito en el cual trabajo desde hace a\u00f1os.<\/span><br \/>\n<span style=\"color: #465760;\">Con el paso del tiempo voy teniendo cada vez m\u00e1s claro que si hay algo realmente importante<\/span><br \/>\n<span style=\"color: #465760;\">en la vida es el cultivo del amor por uno mismo y por los dem\u00e1s. Y Mindfulness tambi\u00e9n puede<\/span><br \/>\n<span style=\"color: #465760;\">ayudarnos en eso.<\/span><br \/>\n<span style=\"color: #465760;\">Mi admiraci\u00f3n por el ser humano y su capacidad de desarrollo, hace adem\u00e1s que una de mis<\/span><br \/>\n<span style=\"color: #465760;\">grandes aficiones sea disfrutar cada d\u00eda de las personas que me rodean y aprender de ellas.<\/span><\/p>\n<p>[\/vc_column_text][\/vc_column_inner][\/vc_row_inner][\/vc_column][\/vc_row]<\/p>\n","protected":false},"excerpt":{"rendered":"<p>[vc_row css=\u00bb.vc_custom_1539982485211{background-image: url(https:\/\/intimind.es\/wp-content\/uploads\/2018\/10\/fonfo-bubble-3-lineas-1024&#215;539.png?id=2289) !important;}\u00bb][vc_column][vc_column_text] Mara Claramunt\u00a0&#8211; Psic\u00f3loga [\/vc_column_text][\/vc_column][\/vc_row][vc_row el_class=\u00bbroboto\u00bb][vc_column][vc_row_inner][vc_column_inner width=\u00bb1\/4&#8243;][vc_single_image image=\u00bb1894&#8243; img_size=\u00bbfull\u00bb][\/vc_column_inner][vc_column_inner width=\u00bb3\/4&#8243;][vc_column_text] Desde las primeras pr\u00e1cticas de meditaci\u00f3n se comprueba la utilidad y necesidad de crear esos espacios de contacto con nosotros mismos y con el momento presente. Las pr\u00e1cticas de Intimind nos ayudan a salir del piloto autom\u00e1tico y empezar a ser m\u00e1s [&hellip;]<\/p>\n","protected":false},"author":1,"featured_media":0,"parent":0,"menu_order":0,"comment_status":"closed","ping_status":"closed","template":"","meta":[],"_links":{"self":[{"href":"https:\/\/intimind.es\/home\/wp-json\/wp\/v2\/pages\/963"}],"collection":[{"href":"https:\/\/intimind.es\/home\/wp-json\/wp\/v2\/pages"}],"about":[{"href":"https:\/\/intimind.es\/home\/wp-json\/wp\/v2\/types\/page"}],"author":[{"embeddable":true,"href":"https:\/\/intimind.es\/home\/wp-json\/wp\/v2\/users\/1"}],"replies":[{"embeddable":true,"href":"https:\/\/intimind.es\/home\/wp-json\/wp\/v2\/comments?post=963"}],"version-history":[{"count":8,"href":"https:\/\/intimind.es\/home\/wp-json\/wp\/v2\/pages\/963\/revisions"}],"predecessor-version":[{"id":2409,"href":"https:\/\/intimind.es\/home\/wp-json\/wp\/v2\/pages\/963\/revisions\/2409"}],"wp:attachment":[{"href":"https:\/\/intimind.es\/home\/wp-json\/wp\/v2\/media?parent=963"}],"curies":[{"name":"wp","href":"https:\/\/api.w.org\/{rel}","templated":true}]}}