{"id":9,"date":"2015-12-17T17:44:16","date_gmt":"2015-12-17T17:44:16","guid":{"rendered":"https:\/\/intimind.es\/?page_id=9"},"modified":"2025-03-10T17:33:11","modified_gmt":"2025-03-10T16:33:11","slug":"home","status":"publish","type":"page","link":"https:\/\/intimind.es\/home\/","title":{"rendered":"Home"},"content":{"rendered":"<p>[vc_row][vc_column css=\u00bb.vc_custom_1451320714162{padding-right: 0px !important;padding-left: 0px !important;}\u00bb][rev_slider_vc alias=\u00bbcabecera-bubble-con-prota-blanco\u00bb][\/vc_column][\/vc_row][vc_row css=\u00bb.vc_custom_1542487350204{margin-top: -50px !important;background-color: #ef8036 !important;}\u00bb][vc_column css=\u00bb.vc_custom_1540158636783{margin-top: -50px !important;margin-bottom: -50px !important;padding-right: 0px !important;padding-left: 0px !important;}\u00bb][rev_slider_vc alias=\u00bbque-es-intimind1&#8243;][\/vc_column][\/vc_row][vc_row css=\u00bb.vc_custom_1542484993713{padding-bottom: 100px !important;background-color: #fbb455 !important;}\u00bb][vc_column css=\u00bb.vc_custom_1451320714162{padding-right: 0px !important;padding-left: 0px !important;}\u00bb][rev_slider_vc alias=\u00bbpantalla-movil\u00bb][\/vc_column][\/vc_row][vc_row css=\u00bb.vc_custom_1542484515373{padding-top: 25px !important;padding-bottom: 50px !important;}\u00bb el_id=\u00bbbeneficios\u00bb][vc_column][vc_column_text css=\u00bb.vc_custom_1540073585866{padding-bottom: 25px !important;}\u00bb]<\/p>\n<h2>Elaborada por psic\u00f3logos y expertos en mindfulness<\/h2>\n<p>[\/vc_column_text][vc_row_inner][vc_column_inner width=\u00bb1\/3&#8243;][vc_single_image image=\u00bb107&#8243; img_size=\u00bbfull\u00bb alignment=\u00bbcenter\u00bb][vc_column_text]<\/p>\n<h3 style=\"text-align: center;\">Con s\u00f3lo 10 minutos al d\u00eda<\/h3>\n<p>[\/vc_column_text][\/vc_column_inner][vc_column_inner width=\u00bb1\/3&#8243;][vc_single_image image=\u00bb108&#8243; img_size=\u00bbfull\u00bb alignment=\u00bbcenter\u00bb][vc_column_text]<\/p>\n<h3 style=\"text-align: center;\">Donde quieras y cuando quieras<\/h3>\n<p>[\/vc_column_text][\/vc_column_inner][vc_column_inner width=\u00bb1\/3&#8243;][vc_single_image image=\u00bb109&#8243; img_size=\u00bbfull\u00bb alignment=\u00bbcenter\u00bb][vc_column_text]<\/p>\n<h3 style=\"text-align: center;\">Para que se convierta en un h\u00e1bito<\/h3>\n<p>[\/vc_column_text][\/vc_column_inner][\/vc_row_inner][\/vc_column][\/vc_row][vc_row css=\u00bb.vc_custom_1542489905800{background-color: #ffffff !important;}\u00bb][vc_column css=\u00bb.vc_custom_1542489920797{padding-right: 0px !important;padding-left: 0px !important;}\u00bb][rev_slider_vc alias=\u00bbcomom-funciona\u00bb][\/vc_column][\/vc_row][vc_row css=\u00bb.vc_custom_1539721170024{padding-top: 30px !important;padding-bottom: 75px !important;background-position: center !important;background-repeat: no-repeat !important;background-size: cover !important;}\u00bb el_id=\u00bbel-metodo\u00bb][vc_column][vc_row_inner][vc_column_inner][vc_column_text css=\u00bb.vc_custom_1539686765297{margin-bottom: 50px !important;}\u00bb]<\/p>\n<h2><img src=\"https:\/\/intimind.es\/wp-content\/uploads\/2015\/12\/corchete_abierto.png\" alt=\"\" \/>M\u00e9todo intimind<img src=\"https:\/\/intimind.es\/wp-content\/uploads\/2015\/12\/corchete_cerrado.png\" alt=\"\" \/><\/h2>\n<h4>Con rigor y con ejercicios adaptados a tu estilo de vida<\/h4>\n<p>[\/vc_column_text][\/vc_column_inner][\/vc_row_inner][vc_row_inner][vc_column_inner css=\u00bb.vc_custom_1451381680091{padding-left: 30px !important;}\u00bb][vc_column_text el_class=\u00bbcaja_bordes_redondeados\u00bb]<a href=\"https:\/\/intimind.es\/receta-maestra-intimind\/\"><img loading=\"lazy\" class=\"aligncenter wp-image-136 size-full\" src=\"https:\/\/intimind.es\/wp-content\/uploads\/2015\/12\/receta_maestra.png\" alt=\"receta_maestra\" width=\"95\" height=\"95\" \/><\/a><b><\/b><\/p>\n<h4 style=\"text-align: center;\"><b>Receta maestra<\/b><br \/>\n10 minutos, un m\u00f3vil y tu<strong> intenci\u00f3n<\/strong> de vivir una vida m\u00e1s plena.<\/h4>\n<p>[\/vc_column_text][\/vc_column_inner][\/vc_row_inner][vc_btn title=\u00bbEmpieza AHORA con este curso breve en video\u00bb style=\u00bbcustom\u00bb custom_background=\u00bb\u00bb custom_text=\u00bb#ffffff\u00bb align=\u00bbcenter\u00bb link=\u00bburl:https%3A%2F%2Fvimeo.com%2Fondemand%2Fintimindintroduccion|title:Ver%20webserie%20Intimind|target:%20_blank|\u00bb el_class=\u00bbboton_naranja\u00bb css=\u00bb.vc_custom_1741624385325{margin-top: 20px !important;}\u00bb][\/vc_column][\/vc_row][vc_row css=\u00bb.vc_custom_1451394729571{border-top-width: 0px !important;padding-top: 30px !important;padding-bottom: 30px !important;background-color: #e6f0f0 !important;background-position: center !important;background-repeat: no-repeat !important;background-size: cover !important;}\u00bb el_id=\u00bbbeneficios\u00bb][vc_column][vc_row_inner][vc_column_inner][vc_column_text css=\u00bb.vc_custom_1458721899309{margin-bottom: 50px !important;}\u00bb]<\/p>\n<h2><img src=\"https:\/\/intimind.es\/wp-content\/uploads\/2015\/12\/corchete_abierto_naranja.png\" alt=\"\" \/>Beneficios<img src=\"https:\/\/intimind.es\/wp-content\/uploads\/2015\/12\/corchete_cerrado_naranja.png\" alt=\"\" \/><\/h2>\n<p>[\/vc_column_text][\/vc_column_inner][\/vc_row_inner][vc_row_inner][vc_column_inner width=\u00bb1\/3&#8243;][vc_single_image image=\u00bb189&#8243; img_size=\u00bbfull\u00bb alignment=\u00bbcenter\u00bb css=\u00bb.vc_custom_1451393828813{margin-bottom: 20px !important;}\u00bb][vc_column_text]<\/p>\n<h3>Pones un nuevo ingrediente en tu vida: la calma<\/h3>\n<p>[\/vc_column_text][\/vc_column_inner][vc_column_inner width=\u00bb1\/3&#8243;][vc_single_image image=\u00bb190&#8243; img_size=\u00bbfull\u00bb alignment=\u00bbcenter\u00bb css=\u00bb.vc_custom_1451393847298{margin-bottom: 20px !important;}\u00bb][vc_column_text]<\/p>\n<h3>Ves las cosas desde una perspectiva diferente<\/h3>\n<p>[\/vc_column_text][\/vc_column_inner][vc_column_inner width=\u00bb1\/3&#8243;][vc_single_image image=\u00bb191&#8243; img_size=\u00bbfull\u00bb alignment=\u00bbcenter\u00bb css=\u00bb.vc_custom_1451393867512{margin-bottom: 20px !important;}\u00bb][vc_column_text]<\/p>\n<h3>Mejoras tu relaci\u00f3n contigo mismo<\/h3>\n<p>[\/vc_column_text][\/vc_column_inner][\/vc_row_inner][vc_row_inner][vc_column_inner][vc_column_text]<\/p>\n<h4>Entonces, todo cambia<\/h4>\n<p>[\/vc_column_text][\/vc_column_inner][\/vc_row_inner][\/vc_column][\/vc_row][vc_row css=\u00bb.vc_custom_1540073834352{background: rgba(255,255,255,0.45) url(https:\/\/intimind.es\/wp-content\/uploads\/2018\/10\/fonfo-bubble-3-lineas-1024&#215;539.png?id=2289) !important;*background-color: rgb(255,255,255) !important;}\u00bb][vc_column css=\u00bb.vc_custom_1451320714162{padding-right: 0px !important;padding-left: 0px !important;}\u00bb][vc_empty_space height=\u00bb82px\u00bb][vc_column_text]<\/p>\n<h2 style=\"text-align: center;\"><span style=\"color: #465760; font-size: 30px;\">\u00a0\u00bfQuieres estar al d\u00eda de todo lo que hacemos en\u00a0 intimind ?<\/span><\/h2>\n<p>[\/vc_column_text][vc_empty_space][vc_raw_html]JTNDZm9ybSUyMGlkJTNEJTIyc3VzY3JpcGNpb25fc2xpZGVyJTIyJTNFJTNDaW5wdXQlMjB0eXBlJTNEJTIydGV4dCUyMiUyMHBsYWNlaG9sZGVyJTNEJTIyRCVDMyVBOWphbm9zJTIwdHUlMjBlbWFpbCUyMiUzRSUzQ2lucHV0JTIwdHlwZSUzRCUyMnN1Ym1pdCUyMiUyMHZhbHVlJTNEJTIyUyVDMyVBRCUyQyUyMHF1aWVybyUyMiUzRSUzQ3AlM0UlM0NpbnB1dCUyMHR5cGUlM0QlMjJjaGVja2JveCUyMiUyMG5hbWUlM0QlMjJhY2VwdG9zdXMlMjIlM0UlMjBIZSUyMGxlJUMzJUFEZG8lMjB5JTIwYWNlcHRvJTIwbGElMjAlM0NhJTIwaHJlZiUzRCUyMmh0dHAlM0ElMkYlMkZpbnRpbWluZC5lcyUyRnBvbGl0aWNhLWRlLXByaXZhY2lkYWQlMkYlMjIlMjB0YXJnZXQlM0QlMjJfYmxhbmslMjIlM0Vwb2wlQzMlQUR0aWNhJTIwZGUlMjBwcml2YWNpZGFkJTNDJTJGYSUzRSUyMCUzQyUyRnAlM0UlM0NwJTNFJTNDaW5wdXQlMjB0eXBlJTNEJTIyY2hlY2tib3glMjIlMjBuYW1lJTNEJTIyYWNlcHRvc3VzcyUyMiUzRSUyMERveSUyMG1pJTIwY29uc2VudGltaWVudG8lMjBhJTIwaW50aW1pbmQlMjBwYXJhJTIwZWwlMjBlbnYlQzMlQURvJTIwZGUlMjBzdSUyMG5ld3NsZXR0ZXIlMkMlMjBub3ZlZGFkZXMlMjBjb21lcmNpYWxlcyUyMHklMkZvJTIwbnVldmFzJTIwcHJvbW9jaW9uZXMlMjBkZSUyMHN1cyUyMHNlcnZpY2lvcy4lM0MlMkZwJTNFJTNDYnIlM0UlMEElM0NzZWN0aW9uJTNFJTBBJTNDcCUzRSUzQ3N0cm9uZyUzRUNPTlNFTlRJTUlFTlRPJTIwUEFSQSUyMEVMJTIwVFJBVEFNSUVOVE8lMjBERSUyMERBVE9TJTIwUEVSU09OQUxFUyUzQyUyRnN0cm9uZyUzRSUzQyUyRnAlM0UlMEElM0NwJTNFJTNDc3Ryb25nJTNFQ3JlYWNvbmNlcHRvJTIwQ29uc3VsdG9yYSUyMEF1ZGlvdmlzdWFsJTIwUy5MLiUzQyUyRnN0cm9uZyUzRSUyMGVzJTIwZWwlMjBSZXNwb25zYWJsZSUyMGRlbCUyMHRyYXRhbWllbnRvJTIwZGUlMjBsb3MlMjBkYXRvcyUyMHBlcnNvbmFsZXMlMjBkZWwlMjB1c3VhcmlvJTIweSUyMGxlJTIwaW5mb3JtYSUyMGRlJTIwcXVlJTIwZXN0b3MlMjBkYXRvcyUyMHNlJTIwdHJhdGFyJUMzJUExbiUyMGRlJTIwY29uZm9ybWlkYWQlMjBjb24lMjBsbyUyMGRpc3B1ZXN0byUyMGVuJTIwZWwlMjBSZWdsYW1lbnRvJTIwJTI4VUUlMjklMjAyMDE2JTJGNjc5JTJDJTIwZGUlMjAyNyUyMGRlJTIwYWJyaWwlMjAlMjhHRFBSJTI5JTJDJTIweSUyMGxhJTIwTGV5JTIwT3JnJUMzJUExbmljYSUyMDMlMkYyMDE4JTJDJTIwZGUlMjA1JTIwZGUlMjBkaWNpZW1icmUlMjAlMjhMT1BER0REJTI5JTJDJTIwcG9yJTIwbG8lMjBxdWUlMjBzZSUyMGxlJTIwZmFjaWxpdGElMjBsYSUyMHNpZ3VpZW50ZSUyMGluZm9ybWFjaSVDMyVCM24lMjBkZWwlMjB0cmF0YW1pZW50byUzQSUzQyUyRnAlM0UlMEElM0NwJTNFJTNDc3Ryb25nJTNFRmluZXMlMjB5JTIwbGVnaXRpbWFjaSVDMyVCM24lMjBkZWwlMjB0cmF0YW1pZW50byUzQSUyMC4lM0MlMkZzdHJvbmclM0VtYW50ZW5lciUyMHVuYSUyMHJlbGFjaSVDMyVCM24lMjBjb21lcmNpYWwlMjAlMjhwb3IlMjBpbnRlciVDMyVBOXMlMjBsZWclQzMlQUR0aW1vJTIwZGVsJTIwcmVzcG9uc2FibGUlMkMlMjBhcnQuJTIwNi4xLmYlMjBHRFBSJTI5JTIweSUyMGVsJTIwZW52JUMzJUFEbyUyMGRlJTIwY29tdW5pY2FjaW9uZXMlMjBkZSUyMHByb2R1Y3RvcyUyMG8lMjBzZXJ2aWNpb3MlMjAlMjhwb3IlMjBjb25zZW50aW1pZW50byUyMGRlbCUyMGludGVyZXNhZG8lMkMlMjBhcnQuJTIwNi4xLmElMjBHRFBSJTI5LiUzQyUyRnAlM0UlMEElM0NwJTNFJTNDc3Ryb25nJTNFQ3JpdGVyaW9zJTIwZGUlMjBjb25zZXJ2YWNpJUMzJUIzbiUyMGRlJTIwbG9zJTIwZGF0b3MlM0ElMjAuJTNDJTJGc3Ryb25nJTNFc2UlMjBjb25zZXJ2YXIlQzMlQTFuJTIwZHVyYW50ZSUyMG5vJTIwbSVDMyVBMXMlMjB0aWVtcG8lMjBkZWwlMjBuZWNlc2FyaW8lMjBwYXJhJTIwbWFudGVuZXIlMjBlbCUyMGZpbiUyMGRlbCUyMHRyYXRhbWllbnRvJTIwbyUyMG1pZW50cmFzJTIwZXhpc3RhbiUyMHByZXNjcmlwY2lvbmVzJTIwbGVnYWxlcyUyMHF1ZSUyMGRpY3RhbWluZW4lMjBzdSUyMGN1c3RvZGlhJTIweSUyMGN1YW5kbyUyMHlhJTIwbm8lMjBzZWElMjBuZWNlc2FyaW8lMjBwYXJhJTIwZWxsbyUyQyUyMHNlJTIwc3VwcmltaXIlQzMlQTFuJTIwY29uJTIwbWVkaWRhcyUyMGRlJTIwc2VndXJpZGFkJTIwYWRlY3VhZGFzJTIwcGFyYSUyMGdhcmFudGl6YXIlMjBsYSUyMGFub25pbWl6YWNpJUMzJUIzbiUyMGRlJTIwbG9zJTIwZGF0b3MlMjBvJTIwbGElMjBkZXN0cnVjY2klQzMlQjNuJTIwdG90YWwlMjBkZSUyMGxvcyUyMG1pc21vcy4lM0MlMkZwJTNFJTBBJTNDcCUzRSUzQ3N0cm9uZyUzRUNvbXVuaWNhY2klQzMlQjNuJTIwZGUlMjBsb3MlMjBkYXRvcyUzQS4lM0MlMkZzdHJvbmclM0UlMjBubyUyMHNlJTIwY29tdW5pY2FyJUMzJUExbiUyMGxvcyUyMGRhdG9zJTIwYSUyMHRlcmNlcm9zJTJDJTIwc2Fsdm8lMjBvYmxpZ2FjaSVDMyVCM24lMjBsZWdhbC4lM0MlMkZwJTNFJTBBJTNDcCUzRSUzQ3N0cm9uZyUzRURlcmVjaG9zJTIwcXVlJTIwYXNpc3RlbiUyMGFsJTIwdXN1YXJpbyUzQS4lM0MlMkZzdHJvbmclM0UlMjBkZXJlY2hvJTIwYSUyMHJldGlyYXIlMjBlbCUyMGNvbnNlbnRpbWllbnRvJTIwZW4lMjBjdWFscXVpZXIlMjBtb21lbnRvLiUyMERlcmVjaG8lMjBkZSUyMGFjY2VzbyUyQyUyMHJlY3RpZmljYWNpJUMzJUIzbiUyQyUyMHBvcnRhYmlsaWRhZCUyMHklMjBzdXByZXNpJUMzJUIzbiUyMGRlJTIwc3VzJTIwZGF0b3MlMkMlMjB5JTIwZGUlMjBsaW1pdGFjaSVDMyVCM24lMjB1JTIwb3Bvc2ljaSVDMyVCM24lMjBhJTIwc3UlMjB0cmF0YW1pZW50by4lMjBEZXJlY2hvJTIwYSUyMHByZXNlbnRhciUyMHVuYSUyMHJlY2xhbWFjaSVDMyVCM24lMjBhbnRlJTIwbGElMjBBdXRvcmlkYWQlMjBkZSUyMGNvbnRyb2wlMjAlMjh3d3cuYWVwZC5lcyUyOSUyMHNpJTIwY29uc2lkZXJhJTIwcXVlJTIwZWwlMjB0cmF0YW1pZW50byUyMG5vJTIwc2UlMjBhanVzdGElMjBhJTIwbGElMjBub3JtYXRpdmElMjB2aWdlbnRlLiUzQyUyRnAlM0UlMEElM0NwJTNFJTNDc3Ryb25nJTNFRGF0b3MlMjBkZSUyMGNvbnRhY3RvJTIwcGFyYSUyMGVqZXJjZXIlMjBzdXMlMjBkZXJlY2hvcyUzQS4lM0MlMkZzdHJvbmclM0UlMjBjb250YWN0byU0MGNyZWFjb25jZXB0by5lcyUyMCUzQyUyRnAlM0UlMEElM0MlMkZzZWN0aW9uJTNFJTBBJTBBJTNDJTJGZm9ybSUzRSUwQSUwQQ==[\/vc_raw_html][vc_empty_space height=\u00bb82px\u00bb][\/vc_column][\/vc_row][vc_row css=\u00bb.vc_custom_1540154653471{background-color: #e6f0f0 !important;}\u00bb][vc_column][vc_empty_space height=\u00bb82px\u00bb][vc_column_text]<\/p>\n<h2 style=\"text-align: center;\"><span style=\"color: #465760; font-size: 30px;\">Los que ya nos conocen dicen&#8230;<br \/>\n<\/span><\/h2>\n<p>[\/vc_column_text][vc_row_inner][vc_column_inner][rev_slider_vc alias=\u00bbtestimonios\u00bb][\/vc_column_inner][\/vc_row_inner][\/vc_column][\/vc_row][vc_row css=\u00bb.vc_custom_1541363289514{background-image: url(https:\/\/intimind.es\/wp-content\/uploads\/2018\/10\/fondo-degradado-3-colores.jpg?id=2364) !important;background-position: center !important;background-repeat: no-repeat !important;background-size: cover !important;}\u00bb][vc_column][vc_empty_space height=\u00bb82px\u00bb][vc_column_text]<\/p>\n<h2 style=\"text-align: center;\"><span style=\"color: #465760; font-size: 30px;\">Y mientras tanto en twitter&#8230;<br \/>\n<\/span><\/h2>\n<p>[\/vc_column_text][vc_row_inner][vc_column_inner][vc_masonry_media_grid style=\u00bblazy\u00bb gap=\u00bb10&#8243; initial_loading_animation=\u00bbfadeIn\u00bb grid_id=\u00bbvc_gid:1741623658668-f05f79bf9fde4b07c0c6a708e1274a47-0&#8243; include=\u00bb2340,2349,2348,2347,2346,2345,2344,2343,2342,2341&#8243;][\/vc_column_inner][\/vc_row_inner][\/vc_column][\/vc_row][vc_row css=\u00bb.vc_custom_1453799527874{border-top-width: 0px !important;padding-top: 30px !important;padding-bottom: 40px !important;background-image: url(https:\/\/intimind.es\/wp-content\/uploads\/2015\/12\/senda.png?id=223) !important;background-position: center !important;background-repeat: no-repeat !important;background-size: cover !important;}\u00bb el_id=\u00bbla-senda\u00bb][vc_column][vc_row_inner][vc_column_inner][vc_column_text css=\u00bb.vc_custom_1541285139043{margin-bottom: 30px !important;}\u00bb]<\/p>\n<h2><a href=\"https:\/\/intimind.es\/blog\/\"><img src=\"https:\/\/intimind.es\/wp-content\/uploads\/2015\/12\/corchete_abierto.png\" alt=\"\" \/>La senda<\/a><a href=\"https:\/\/intimind.es\/blog\/\"><img src=\"https:\/\/intimind.es\/wp-content\/uploads\/2015\/12\/corchete_cerrado.png\" alt=\"\" \/><\/a><\/h2>\n<h2><\/h2>\n<h2><a href=\"https:\/\/intimind.es\/blog\/\">blog sobre mindfulness en espa\u00f1ol<\/a><\/h2>\n<p>[\/vc_column_text][\/vc_column_inner][\/vc_row_inner][vc_row_inner css=\u00bb.vc_custom_1451555299262{padding-bottom: 40px !important;}\u00bb][vc_column_inner][vc_column_text]<div class=\"wpb_column vc_column_container vc_col-sm-4\"><div class=\"vc_column-inner \"><div class=\"wpb_wrapper\"><div class=\"wpb_single_image wpb_content_element vc_align_center\"><figure class=\"wpb_wrapper vc_figure\"><div class=\"vc_single_image-wrapper vc_box_border_grey\"><img src=\"https:\/\/intimind.es\/wp-content\/uploads\/2016\/01\/001-foto-destacada-480x181.jpg\" class=\"vc_single_image-img attachment-full\" alt=\"\u00a1Hola mundo! Esto es la senda\"><\/div><\/figure><\/div><div class=\"wpb_text_column wpb_content_element \"><div class=\"wpb_wrapper\"><h3>\u00a1Hola mundo! Esto es la senda<\/h3><p>[vc_row][vc_column][vc_column_text css_animation=\u00bbappear\u00bb] Te damos la bienvenida [\/vc_column_text][vc_column_text] Este es el blog de Intimind. ...<\/p><\/div><\/div><div class=\"vc_btn3-container vc_btn3-center\"><a class=\"vc_general vc_btn3 vc_btn3-size-md vc_btn3-shape-rounded vc_btn3-style-classic vc_btn3-color-warning\" href=\"https:\/\/intimind.es\/home\/hola-mundo\/\">Leer m\u00e1s<\/a><\/div><\/div><\/div><\/div><div class=\"wpb_column vc_column_container vc_col-sm-4\"><div class=\"vc_column-inner \"><div class=\"wpb_wrapper\"><div class=\"wpb_single_image wpb_content_element vc_align_center\"><figure class=\"wpb_wrapper vc_figure\"><div class=\"vc_single_image-wrapper vc_box_border_grey\"><img src=\"https:\/\/intimind.es\/wp-content\/uploads\/2021\/03\/creativitatfotoweb-480x180.jpg\" class=\"vc_single_image-img attachment-full\" alt=\"Meditaci\u00f3n: fuente de creatividad\"><\/div><\/figure><\/div><div class=\"wpb_text_column wpb_content_element \"><div class=\"wpb_wrapper\"><h3>Meditaci\u00f3n: fuente de creatividad<\/h3><p>[vc_row][vc_column width=\u00bb1\/6&#8243;][\/vc_column][vc_column width=\u00bb2\/3&#8243;][vc_separator color=\u00bbcustom\u00bb style=\u00bbshadow\u00bb border_width=\u00bb5&#8243; ...<\/p><\/div><\/div><div class=\"vc_btn3-container vc_btn3-center\"><a class=\"vc_general vc_btn3 vc_btn3-size-md vc_btn3-shape-rounded vc_btn3-style-classic vc_btn3-color-warning\" href=\"https:\/\/intimind.es\/home\/meditacion-fuente-de-creatividad\/\">Leer m\u00e1s<\/a><\/div><\/div><\/div><\/div><div class=\"wpb_column vc_column_container vc_col-sm-4\"><div class=\"vc_column-inner \"><div class=\"wpb_wrapper\"><div class=\"wpb_single_image wpb_content_element vc_align_center\"><figure class=\"wpb_wrapper vc_figure\"><div class=\"vc_single_image-wrapper vc_box_border_grey\"><img src=\"https:\/\/intimind.es\/wp-content\/themes\/intimind\/images\/la_senda_im.jpg\" class=\"vc_single_image-img attachment-full\" alt=\"Medita donde y cuando quieras\"><\/div><\/figure><\/div><div class=\"wpb_text_column wpb_content_element \"><div class=\"wpb_wrapper\"><h3>Medita donde y cuando quieras<\/h3><p>[vc_row][vc_column width=\u00bb1\/6&#8243;][\/vc_column][vc_column width=\u00bb2\/3&#8243;][vc_separator color=\u00bbcustom\u00bb style=\u00bbshadow\u00bb border_width=\u00bb5&#8243; ...<\/p><\/div><\/div><div class=\"vc_btn3-container vc_btn3-center\"><a class=\"vc_general vc_btn3 vc_btn3-size-md vc_btn3-shape-rounded vc_btn3-style-classic vc_btn3-color-warning\" href=\"https:\/\/intimind.es\/home\/medita-donde-y-cuando-quieras\/\">Leer m\u00e1s<\/a><\/div><\/div><\/div><\/div>[\/vc_column_text][\/vc_column_inner][\/vc_row_inner][\/vc_column][\/vc_row][vc_row el_id=\u00bbcontacto\u00bb css=\u00bb.vc_custom_1540051702482{background-color: #fceace !important;}\u00bb][vc_column][vc_column_text css=\u00bb.vc_custom_1608629780658{margin-bottom: 50px !important;}\u00bb]<\/p>\n<h2><img src=\"https:\/\/intimind.es\/wp-content\/uploads\/2015\/12\/corchete_abierto_naranja.png\" alt=\"\" \/><span style=\"color: #465760;\">Contacto<\/span><img src=\"https:\/\/intimind.es\/wp-content\/uploads\/2015\/12\/corchete_cerrado_naranja.png\" alt=\"\" \/><\/h2>\n<p><form id=\"solicita_informacion\"><div id=\"mensaje_solicitud\"><\/div><input name=\"nombre\" type=\"text\" placeholder=\"Nombre\"><input name=\"email\" type=\"text\" placeholder=\"Email\"><textarea name=\"consulta\" placeholder=\"Consulta\"><\/textarea><input type=\"checkbox\" name=\"acepto\"> He le\u00eddo y acepto la <a href=\"https:\/\/intimind.es\/home\/politica-de-privacidad\/\" target=\"_blank\">pol\u00edtica de privacidad<\/a>.<br><input type=\"checkbox\" name=\"aceptos\"> Doy mi consentimiento a intimind para el env\u00edo de su newsletter, novedades comerciales y\/o nuevas promociones de sus servicios.<p id=\"boton_enviar\"><input type=\"submit\" value=\"Enviar\"><\/p><\/form><img loading=\"lazy\" class=\"aligncenter wp-image-1036 size-full\" style=\"display: none !important;\" src=\"https:\/\/intimind.es\/wp-content\/uploads\/2015\/12\/logo_wis_468x60.jpg\" alt=\"logo_wis_468x60\" width=\"468\" height=\"60\" \/><\/p>\n<p>&nbsp;<\/p>\n<section class=\"texto_legal\"><strong>CONSENTIMIENTO PARA EL TRATAMIENTO DE DATOS PERSONALES<\/strong><\/p>\n<p><strong>Creaconcepto Consultora Audiovisual S.L.<\/strong> es el Responsable del tratamiento de los datos personales del usuario y le informa de que estos datos se tratar\u00e1n de conformidad con lo dispuesto en el Reglamento (UE) 2016\/679, de 27 de abril (GDPR), y la Ley Org\u00e1nica 3\/2018, de 5 de diciembre (LOPDGDD), por lo que se le facilita la siguiente informaci\u00f3n del tratamiento:<\/p>\n<p><strong>Fines y legitimaci\u00f3n del tratamiento: .<\/strong>mantener una relaci\u00f3n comercial (por inter\u00e9s leg\u00edtimo del responsable, art. 6.1.f GDPR) y el env\u00edo de comunicaciones de productos o servicios (por consentimiento del interesado, art. 6.1.a GDPR).<\/p>\n<p><strong>Criterios de conservaci\u00f3n de los datos: .<\/strong>se conservar\u00e1n durante no m\u00e1s tiempo del necesario para mantener el fin del tratamiento o mientras existan prescripciones legales que dictaminen su custodia y cuando ya no sea necesario para ello, se suprimir\u00e1n con medidas de seguridad adecuadas para garantizar la anonimizaci\u00f3n de los datos o la destrucci\u00f3n total de los mismos.<\/p>\n<p><strong>Comunicaci\u00f3n de los datos:.<\/strong> no se comunicar\u00e1n los datos a terceros, salvo obligaci\u00f3n legal.<\/p>\n<p><strong>Derechos que asisten al usuario:.<\/strong> derecho a retirar el consentimiento en cualquier momento. Derecho de acceso, rectificaci\u00f3n, portabilidad y supresi\u00f3n de sus datos, y de limitaci\u00f3n u oposici\u00f3n a su tratamiento. Derecho a presentar una reclamaci\u00f3n ante la Autoridad de control (www.aepd.es) si considera que el tratamiento no se ajusta a la normativa vigente.<\/p>\n<p><strong>Datos de contacto para ejercer sus derechos:.<\/strong> contacto@creaconcepto.es<\/p>\n<\/section>\n<p>[\/vc_column_text][\/vc_column][\/vc_row][vc_row][vc_column css=\u00bb.vc_custom_1542495319146{margin-top: 50px !important;}\u00bb][rev_slider_vc alias=\u00bbportal-sanitario\u00bb][\/vc_column][\/vc_row][vc_row css=\u00bb.vc_custom_1540163197573{margin-bottom: -50px !important;padding-top: 100px !important;}\u00bb][vc_column][vc_row_inner][vc_column_inner][rev_slider_vc alias=\u00bbfooter-4&#8243;][\/vc_column_inner][\/vc_row_inner][\/vc_column][\/vc_row]<\/p>\n","protected":false},"excerpt":{"rendered":"<p>[vc_row][vc_column css=\u00bb.vc_custom_1451320714162{padding-right: 0px !important;padding-left: 0px !important;}\u00bb][rev_slider_vc alias=\u00bbcabecera-bubble-con-prota-blanco\u00bb][\/vc_column][\/vc_row][vc_row css=\u00bb.vc_custom_1542487350204{margin-top: -50px !important;background-color: #ef8036 !important;}\u00bb][vc_column css=\u00bb.vc_custom_1540158636783{margin-top: -50px !important;margin-bottom: -50px !important;padding-right: 0px !important;padding-left: 0px !important;}\u00bb][rev_slider_vc alias=\u00bbque-es-intimind1&#8243;][\/vc_column][\/vc_row][vc_row css=\u00bb.vc_custom_1542484993713{padding-bottom: 100px !important;background-color: #fbb455 !important;}\u00bb][vc_column css=\u00bb.vc_custom_1451320714162{padding-right: 0px !important;padding-left: 0px !important;}\u00bb][rev_slider_vc alias=\u00bbpantalla-movil\u00bb][\/vc_column][\/vc_row][vc_row css=\u00bb.vc_custom_1542484515373{padding-top: 25px !important;padding-bottom: 50px !important;}\u00bb el_id=\u00bbbeneficios\u00bb][vc_column][vc_column_text css=\u00bb.vc_custom_1540073585866{padding-bottom: 25px !important;}\u00bb] Elaborada por psic\u00f3logos y expertos en mindfulness [\/vc_column_text][vc_row_inner][vc_column_inner width=\u00bb1\/3&#8243;][vc_single_image image=\u00bb107&#8243; img_size=\u00bbfull\u00bb alignment=\u00bbcenter\u00bb][vc_column_text] Con [&hellip;]<\/p>\n","protected":false},"author":1,"featured_media":0,"parent":0,"menu_order":0,"comment_status":"closed","ping_status":"closed","template":"","meta":[],"_links":{"self":[{"href":"https:\/\/intimind.es\/home\/wp-json\/wp\/v2\/pages\/9"}],"collection":[{"href":"https:\/\/intimind.es\/home\/wp-json\/wp\/v2\/pages"}],"about":[{"href":"https:\/\/intimind.es\/home\/wp-json\/wp\/v2\/types\/page"}],"author":[{"embeddable":true,"href":"https:\/\/intimind.es\/home\/wp-json\/wp\/v2\/users\/1"}],"replies":[{"embeddable":true,"href":"https:\/\/intimind.es\/home\/wp-json\/wp\/v2\/comments?post=9"}],"version-history":[{"count":234,"href":"https:\/\/intimind.es\/home\/wp-json\/wp\/v2\/pages\/9\/revisions"}],"predecessor-version":[{"id":4315,"href":"https:\/\/intimind.es\/home\/wp-json\/wp\/v2\/pages\/9\/revisions\/4315"}],"wp:attachment":[{"href":"https:\/\/intimind.es\/home\/wp-json\/wp\/v2\/media?parent=9"}],"curies":[{"name":"wp","href":"https:\/\/api.w.org\/{rel}","templated":true}]}}