{"id":778,"date":"2016-05-27T08:03:15","date_gmt":"2016-05-27T06:03:15","guid":{"rendered":"https:\/\/intimind.es\/?page_id=778"},"modified":"2020-12-22T19:23:11","modified_gmt":"2020-12-22T18:23:11","slug":"codigos-promocionales","status":"publish","type":"page","link":"https:\/\/intimind.es\/home\/codigos-promocionales\/","title":{"rendered":"C\u00f3digos promocionales"},"content":{"rendered":"<p>[vc_row css=\u00bb.vc_custom_1539983258818{padding-top: 10px !important;padding-bottom: 10px !important;background-image: url(https:\/\/intimind.es\/wp-content\/uploads\/2018\/10\/fonfo-bubble-3-lineas-1024&#215;539.png?id=2289) !important;}\u00bb][vc_column][vc_custom_heading text=\u00bbC\u00f3digos promocionales\u00bb font_container=\u00bbtag:h2|font_size:50|text_align:center|color:%23465760|line_height:2&#8243; use_theme_fonts=\u00bbyes\u00bb css=\u00bb.vc_custom_1539983448534{margin-top: 0px !important;}\u00bb][vc_single_image image=\u00bb2147&#8243; img_size=\u00bbfull\u00bb alignment=\u00bbcenter\u00bb][\/vc_column][\/vc_row][vc_row bg_type=\u00bbbg_color\u00bb bg_override=\u00bbfull\u00bb bg_color_value=\u00bb#78909c\u00bb css=\u00bb.vc_custom_1539984677777{background-color: #ef8046 !important;}\u00bb][vc_column][vc_custom_heading text=\u00bb\u00bfTienes un c\u00f3digo intimind?\u00bb font_container=\u00bbtag:h2|font_size:40|text_align:center|color:%23ffffff|line_height:2&#8243; use_theme_fonts=\u00bbyes\u00bb css=\u00bb.vc_custom_1539983921725{margin-top: 0px !important;}\u00bb][vc_custom_heading text=\u00bb\u00bfPara hacer meditaciones mindfulness en espa\u00f1ol en tu m\u00f3vil siempre y donde quieras?\u00bb font_container=\u00bbtag:p|font_size:18|text_align:center|color:%23ffffff|line_height:2&#8243; use_theme_fonts=\u00bbyes\u00bb css=\u00bb.vc_custom_1539984614887{margin-top: 0px !important;}\u00bb el_class=\u00bbroboto\u00bb][\/vc_column][\/vc_row][vc_row css=\u00bb.vc_custom_1539985196374{padding-top: 20px !important;background-color: #f8b629 !important;}\u00bb][vc_column][vc_custom_heading text=\u00bbIntroduce el mail con el que te registraste en la APP, tu c\u00f3digo de intimind y CANJEA\u00bb font_container=\u00bbtag:h2|font_size:25|text_align:center|color:%23465760|line_height:1%2C5&#8243; use_theme_fonts=\u00bbyes\u00bb css=\u00bb.vc_custom_1539985767681{margin-top: 0px !important;}\u00bb el_class=\u00bbroboto\u00bb][vc_empty_space][vc_column_text]<\/p>\n<p style=\"text-align: center;\"><form id=\"formulario\"><div id=\"mensaje_solicitud\"><\/div><input name=\"username\" type=\"text\" placeholder=\"Usuario de Intimind (e-mail)\" autocomplete=\"off\"><!--<input type=\"hidden\" value=\"2\"><input name=\"password\" type=\"password\" placeholder=\"Contrase\u00f1a\" autocomplete=\"off\">--><input name=\"promotional_code\" placeholder=\"C\u00f3digo promocional\" type=\"text\"><input type=\"submit\" value=\"Canjear\"><\/form><\/p>\n<p>[\/vc_column_text][\/vc_column][\/vc_row][vc_row bg_type=\u00bbimage\u00bb parallax_style=\u00bbvcpb-default\u00bb bg_image_new=\u00bbid^1731|url^http:\/\/ceipelcrist.org\/wp-content\/uploads\/2018\/10\/fonfo-bubble-linea-3.png|caption^null|alt^null|title^fonfo-bubble-linea-3|description^null\u00bb bg_image_repeat=\u00bbno-repeat\u00bb bg_override=\u00bbfull\u00bb css=\u00bb.vc_custom_1539985232922{padding-bottom: 50px !important;background-color: #f8b629 !important;}\u00bb][vc_column][vc_custom_heading text=\u00bbAhora ya puedes entrar en la App intimind y comprobar que tienes todas las meditaciones mindfulness en espa\u00f1ol abiertas\u00bb font_container=\u00bbtag:h2|font_size:25|text_align:center|color:%23465760|line_height:1%2C5&#8243; use_theme_fonts=\u00bbyes\u00bb el_class=\u00bbroboto\u00bb][\/vc_column][\/vc_row][vc_row bg_type=\u00bbimage\u00bb parallax_style=\u00bbvcpb-default\u00bb bg_image_new=\u00bbid^1930|url^http:\/\/ceipelcrist.org\/wp-content\/uploads\/2018\/10\/footer-oficina-3-1.jpg|caption^null|alt^null|title^footer-oficina-3|description^null\u00bb bg_image_repeat=\u00bbno-repeat\u00bb bg_override=\u00bbfull\u00bb css=\u00bb.vc_custom_1539985544957{padding-top: 50px !important;padding-bottom: 50px !important;background-color: #fceace !important;}\u00bb][vc_column width=\u00bb1\/4&#8243; css=\u00bb.vc_custom_1538689256410{margin-top: 0px !important;}\u00bb][\/vc_column][vc_column width=\u00bb1\/2&#8243;][vc_custom_heading text=\u00bbPonte en contacto con nosotros\u00bb font_container=\u00bbtag:h2|font_size:30|text_align:center|color:%23465760|line_height:1%2C5&#8243; google_fonts=\u00bbfont_family:Roboto%3A100%2C100italic%2C300%2C300italic%2Cregular%2Citalic%2C500%2C500italic%2C700%2C700italic%2C900%2C900italic|font_style:500%20bold%20regular%3A500%3Anormal\u00bb css=\u00bb.vc_custom_1539985813794{margin-top: 0px !important;}\u00bb][vc_column_text]<\/p>\n<form id=\"solicita_informacion\"><div id=\"mensaje_solicitud\"><\/div><input name=\"nombre\" type=\"text\" placeholder=\"Nombre\"><input name=\"email\" type=\"text\" placeholder=\"Email\"><textarea name=\"consulta\" placeholder=\"Consulta\"><\/textarea><input type=\"checkbox\" name=\"acepto\"> He le\u00eddo y acepto la <a href=\"https:\/\/intimind.es\/home\/politica-de-privacidad\/\" target=\"_blank\">pol\u00edtica de privacidad<\/a>.<br><input type=\"checkbox\" name=\"aceptos\"> Doy mi consentimiento a intimind para el env\u00edo de su newsletter, novedades comerciales y\/o nuevas promociones de sus servicios.<p id=\"boton_enviar\"><input type=\"submit\" value=\"Enviar\"><\/p><\/form>\n<p style=\"text-align: center;\">\n<p>&nbsp;<\/p>\n<section class=\"texto_legal\"><strong>CONSENTIMIENTO PARA EL TRATAMIENTO DE DATOS PERSONALES<\/strong><\/p>\n<p><strong>Creaconcepto Consultora Audiovisual S.L.<\/strong> es el Responsable del tratamiento de los datos personales del usuario y le informa de que estos datos se tratar\u00e1n de conformidad con lo dispuesto en el Reglamento (UE) 2016\/679, de 27 de abril (GDPR), y la Ley Org\u00e1nica 3\/2018, de 5 de diciembre (LOPDGDD), por lo que se le facilita la siguiente informaci\u00f3n del tratamiento:<\/p>\n<p><strong>Fines y legitimaci\u00f3n del tratamiento: .<\/strong>mantener una relaci\u00f3n comercial (por inter\u00e9s leg\u00edtimo del responsable, art. 6.1.f GDPR) y el env\u00edo de comunicaciones de productos o servicios (por consentimiento del interesado, art. 6.1.a GDPR).<\/p>\n<p><strong>Criterios de conservaci\u00f3n de los datos: .<\/strong>se conservar\u00e1n durante no m\u00e1s tiempo del necesario para mantener el fin del tratamiento o mientras existan prescripciones legales que dictaminen su custodia y cuando ya no sea necesario para ello, se suprimir\u00e1n con medidas de seguridad adecuadas para garantizar la anonimizaci\u00f3n de los datos o la destrucci\u00f3n total de los mismos.<\/p>\n<p><strong>Comunicaci\u00f3n de los datos:.<\/strong> no se comunicar\u00e1n los datos a terceros, salvo obligaci\u00f3n legal.<\/p>\n<p><strong>Derechos que asisten al usuario:.<\/strong> derecho a retirar el consentimiento en cualquier momento. Derecho de acceso, rectificaci\u00f3n, portabilidad y supresi\u00f3n de sus datos, y de limitaci\u00f3n u oposici\u00f3n a su tratamiento. Derecho a presentar una reclamaci\u00f3n ante la Autoridad de control (www.aepd.es) si considera que el tratamiento no se ajusta a la normativa vigente.<\/p>\n<p><strong>Datos de contacto para ejercer sus derechos:.<\/strong> contacto@creaconcepto.es<\/p>\n<\/section>\n<p>[\/vc_column_text][vc_empty_space][vc_custom_heading text=\u00bbPero antes&#8230;\u00bb font_container=\u00bbtag:h2|font_size:30|text_align:center|color:%23465760|line_height:2&#8243; use_theme_fonts=\u00bbyes\u00bb css=\u00bb.vc_custom_1539985689356{margin-top: 0px !important;}\u00bb][vc_btn title=\u00bbDESCARGA LA APP\u00bb style=\u00bbflat\u00bb color=\u00bbwarning\u00bb size=\u00bblg\u00bb align=\u00bbcenter\u00bb link=\u00bburl:http%3A%2F%2Fonelink.to%2F5s2ngs||target:%20_blank|\u00bb el_class=\u00bbroboto\u00bb][\/vc_column][vc_column width=\u00bb1\/4&#8243;][\/vc_column][\/vc_row][vc_row css=\u00bb.vc_custom_1541286885100{margin-bottom: -50px !important;}\u00bb][vc_column][rev_slider_vc alias=\u00bbportal-sanitario\u00bb][rev_slider_vc alias=\u00bbfooter-4&#8243;][\/vc_column][\/vc_row]<\/p>\n","protected":false},"excerpt":{"rendered":"<p>[vc_row css=\u00bb.vc_custom_1539983258818{padding-top: 10px !important;padding-bottom: 10px !important;background-image: url(https:\/\/intimind.es\/wp-content\/uploads\/2018\/10\/fonfo-bubble-3-lineas-1024&#215;539.png?id=2289) !important;}\u00bb][vc_column][vc_custom_heading text=\u00bbC\u00f3digos promocionales\u00bb font_container=\u00bbtag:h2|font_size:50|text_align:center|color:%23465760|line_height:2&#8243; use_theme_fonts=\u00bbyes\u00bb css=\u00bb.vc_custom_1539983448534{margin-top: 0px !important;}\u00bb][vc_single_image image=\u00bb2147&#8243; img_size=\u00bbfull\u00bb alignment=\u00bbcenter\u00bb][\/vc_column][\/vc_row][vc_row bg_type=\u00bbbg_color\u00bb bg_override=\u00bbfull\u00bb bg_color_value=\u00bb#78909c\u00bb css=\u00bb.vc_custom_1539984677777{background-color: #ef8046 !important;}\u00bb][vc_column][vc_custom_heading text=\u00bb\u00bfTienes un c\u00f3digo intimind?\u00bb font_container=\u00bbtag:h2|font_size:40|text_align:center|color:%23ffffff|line_height:2&#8243; use_theme_fonts=\u00bbyes\u00bb css=\u00bb.vc_custom_1539983921725{margin-top: 0px !important;}\u00bb][vc_custom_heading text=\u00bb\u00bfPara hacer meditaciones mindfulness en espa\u00f1ol en tu m\u00f3vil siempre y donde quieras?\u00bb font_container=\u00bbtag:p|font_size:18|text_align:center|color:%23ffffff|line_height:2&#8243; use_theme_fonts=\u00bbyes\u00bb css=\u00bb.vc_custom_1539984614887{margin-top: 0px !important;}\u00bb el_class=\u00bbroboto\u00bb][\/vc_column][\/vc_row][vc_row css=\u00bb.vc_custom_1539985196374{padding-top: 20px !important;background-color: [&hellip;]<\/p>\n","protected":false},"author":1,"featured_media":0,"parent":0,"menu_order":0,"comment_status":"closed","ping_status":"closed","template":"","meta":[],"_links":{"self":[{"href":"https:\/\/intimind.es\/home\/wp-json\/wp\/v2\/pages\/778"}],"collection":[{"href":"https:\/\/intimind.es\/home\/wp-json\/wp\/v2\/pages"}],"about":[{"href":"https:\/\/intimind.es\/home\/wp-json\/wp\/v2\/types\/page"}],"author":[{"embeddable":true,"href":"https:\/\/intimind.es\/home\/wp-json\/wp\/v2\/users\/1"}],"replies":[{"embeddable":true,"href":"https:\/\/intimind.es\/home\/wp-json\/wp\/v2\/comments?post=778"}],"version-history":[{"count":27,"href":"https:\/\/intimind.es\/home\/wp-json\/wp\/v2\/pages\/778\/revisions"}],"predecessor-version":[{"id":4179,"href":"https:\/\/intimind.es\/home\/wp-json\/wp\/v2\/pages\/778\/revisions\/4179"}],"wp:attachment":[{"href":"https:\/\/intimind.es\/home\/wp-json\/wp\/v2\/media?parent=778"}],"curies":[{"name":"wp","href":"https:\/\/api.w.org\/{rel}","templated":true}]}}