{"id":2831,"date":"2018-12-18T19:31:40","date_gmt":"2018-12-18T18:31:40","guid":{"rendered":"https:\/\/intimind.es\/?page_id=2831"},"modified":"2018-12-21T16:02:57","modified_gmt":"2018-12-21T15:02:57","slug":"regala-intimind","status":"publish","type":"page","link":"https:\/\/intimind.es\/home\/regala-intimind\/","title":{"rendered":"Regala intimind"},"content":{"rendered":"<p>[vc_row bg_type=\u00bbimage\u00bb parallax_style=\u00bbvcpb-default\u00bb bg_image_new=\u00bbid^1731|url^http:\/\/ceipelcrist.org\/wp-content\/uploads\/2018\/10\/fonfo-bubble-linea-3.png|caption^null|alt^null|title^fonfo-bubble-linea-3|description^null\u00bb bg_image_repeat=\u00bbno-repeat\u00bb bg_override=\u00bbfull\u00bb css=\u00bb.vc_custom_1539695049043{background-image: url(http:\/\/intimind.es\/wp-content\/uploads\/2018\/10\/fonfo-bubble-linea-2-1024&#215;539.jpg?id=2140) !important;}\u00bb][vc_column][vc_empty_space height=\u00bb52px\u00bb][vc_custom_heading text=\u00bbRegala\u00bb font_container=\u00bbtag:h1|font_size:60|text_align:center|color:%23465760&#8243; use_theme_fonts=\u00bbyes\u00bb][vc_single_image image=\u00bb2147&#8243; img_size=\u00bbfull\u00bb alignment=\u00bbcenter\u00bb][vc_empty_space][vc_btn title=\u00bbDESCARGA LA APP\u00bb style=\u00bbflat\u00bb color=\u00bbwarning\u00bb size=\u00bblg\u00bb align=\u00bbcenter\u00bb link=\u00bburl:http%3A%2F%2Fonelink.to%2F5s2ngs||target:%20_blank|\u00bb el_class=\u00bbroboto\u00bb][vc_empty_space height=\u00bb52px\u00bb][\/vc_column][\/vc_row][vc_row bg_type=\u00bbbg_color\u00bb bg_override=\u00bbfull\u00bb bg_color_value=\u00bb#78909c\u00bb css=\u00bb.vc_custom_1545157996513{padding-bottom: 50px !important;background-color: #465760 !important;}\u00bb][vc_column width=\u00bb1\/6&#8243;][\/vc_column][vc_column width=\u00bb2\/3&#8243;][vc_empty_space height=\u00bb52px\u00bb][vc_custom_heading text=\u00bb\u00bfBuscas un buen regalo?\u00bb font_container=\u00bbtag:h1|font_size:50|text_align:center|color:%23ffffff|line_height:2&#8243; use_theme_fonts=\u00bbyes\u00bb css=\u00bb.vc_custom_1544356077448{margin-top: 0px !important;}\u00bb][vc_single_image image=\u00bb2889&#8243; img_size=\u00bbfull\u00bb alignment=\u00bbcenter\u00bb][vc_empty_space][vc_custom_heading text=\u00bbSabes que el mindfulness puede ayudar a tus seres queridos a manejar mejor el estr\u00e9s, la concentraci\u00f3n, la ansiedad y otros desequilibrios emocionales. Lo sabes.\u00bb font_container=\u00bbtag:h2|font_size:30|text_align:center|color:%23ffffff|line_height:1%2C5&#8243; google_fonts=\u00bbfont_family:Roboto%3A100%2C100italic%2C300%2C300italic%2Cregular%2Citalic%2C500%2C500italic%2C700%2C700italic%2C900%2C900italic|font_style:500%20bold%20regular%3A500%3Anormal\u00bb css=\u00bb.vc_custom_1545157882790{margin-top: 0px !important;}\u00bb][vc_empty_space][vc_custom_heading text=\u00bbRegalando intimind ayudas a los dem\u00e1s a entrenar su mente para sentirse mejor.\u00bb font_container=\u00bbtag:h2|font_size:25|text_align:center|color:%23ffffff|line_height:1%2C5&#8243; google_fonts=\u00bbfont_family:Roboto%3A100%2C100italic%2C300%2C300italic%2Cregular%2Citalic%2C500%2C500italic%2C700%2C700italic%2C900%2C900italic|font_style:500%20bold%20regular%3A500%3Anormal\u00bb css=\u00bb.vc_custom_1545157897890{margin-top: 0px !important;}\u00bb][vc_empty_space][vc_btn title=\u00bbDESCARGA LA APP\u00bb style=\u00bbflat\u00bb color=\u00bbwarning\u00bb size=\u00bblg\u00bb align=\u00bbcenter\u00bb link=\u00bburl:http%3A%2F%2Fonelink.to%2F5s2ngs||target:%20_blank|\u00bb el_class=\u00bbroboto\u00bb][\/vc_column][vc_column width=\u00bb1\/6&#8243;][\/vc_column][\/vc_row][vc_row bg_type=\u00bbgrad\u00bb bg_override=\u00bbfull\u00bb bg_grad=\u00bbbackground: -webkit-gradient(linear, left top, left bottom, color-stop(0%, #78909C), color-stop(100%, #CCD9E0));background: -moz-linear-gradient(top,#78909C 0%,#CCD9E0 100%);background: -webkit-linear-gradient(top,#78909C 0%,#CCD9E0 100%);background: -o-linear-gradient(top,#78909C 0%,#CCD9E0 100%);background: -ms-linear-gradient(top,#78909C 0%,#CCD9E0 100%);background: linear-gradient(top,#78909C 0%,#CCD9E0 100%);\u00bb css=\u00bb.vc_custom_1539768419649{padding-top: 60px !important;padding-bottom: 30px !important;background-color: #e1e5e6 !important;}\u00bb][vc_column width=\u00bb1\/4&#8243; css=\u00bb.vc_custom_1539683940315{margin-left: 100px !important;}\u00bb][\/vc_column][vc_column width=\u00bb1\/4&#8243; css=\u00bb.vc_custom_1539762901205{padding-right: 200px !important;}\u00bb][vc_empty_space height=\u00bb12px\u00bb][vc_single_image image=\u00bb2162&#8243; img_size=\u00bbfull\u00bb alignment=\u00bbcenter\u00bb][\/vc_column][vc_column width=\u00bb1\/4&#8243;][vc_column_text el_class=\u00bbroboto\u00bb]<\/p>\n<div class=\"wpb_wrapper wpex-vc-column-wrapper wpex-clr \">\n<div>\n<p style=\"text-align: justify;\">\n<\/div>\n<p style=\"text-align: justify;\"><span style=\"font-size: 20pt; color: #465760;\"><strong>Adem\u00e1s, la App intimind enfoca varios de sus programas mindful a entrenar, entre otras cosas:\u00a0<\/strong><\/span><\/p>\n<ul style=\"text-align: justify;\">\n<li><span style=\"font-size: 20pt; color: #465760;\">la concentraci\u00f3n<\/span><\/li>\n<li><span style=\"font-size: 20pt; color: #465760;\">la creatividad<\/span><\/li>\n<li><span style=\"font-size: 20pt; color: #465760;\">tus fortalezas<\/span><\/li>\n<li><span style=\"font-size: 20pt; color: #465760;\">la empat\u00eda<\/span><\/li>\n<li><span style=\"font-size: 20pt; color: #465760;\">como superar retos&#8230;<\/span><\/li>\n<\/ul>\n<\/div>\n<p>[\/vc_column_text][\/vc_column][vc_column width=\u00bb1\/4&#8243;][\/vc_column][vc_column css=\u00bb.vc_custom_1539776180915{padding-top: 30px !important;}\u00bb][\/vc_column][\/vc_row][vc_row bg_type=\u00bbgrad\u00bb bg_override=\u00bbfull\u00bb bg_grad=\u00bbbackground: -webkit-gradient(linear, left top, left bottom, color-stop(0%, #FFFFFF), color-stop(100%, #E6F0F1));background: -moz-linear-gradient(top,#FFFFFF 0%,#E6F0F1 100%);background: -webkit-linear-gradient(top,#FFFFFF 0%,#E6F0F1 100%);background: -o-linear-gradient(top,#FFFFFF 0%,#E6F0F1 100%);background: -ms-linear-gradient(top,#FFFFFF 0%,#E6F0F1 100%);background: linear-gradient(top,#FFFFFF 0%,#E6F0F1 100%);\u00bb css=\u00bb.vc_custom_1545158269967{background-color: #e1e5e6 !important;}\u00bb][vc_column width=\u00bb1\/6&#8243;][\/vc_column][vc_column width=\u00bb2\/3&#8243;][vc_empty_space][vc_custom_heading text=\u00bbLa App intimind te puede ayudar a recuperar el control sobre el presente: tus emociones y tus retos diarios, sin sucumbir a las distracciones o el estr\u00e9s.\u00bb font_container=\u00bbtag:h2|font_size:30|text_align:center|color:%23465760|line_height:1%2C5&#8243; google_fonts=\u00bbfont_family:Roboto%3A100%2C100italic%2C300%2C300italic%2Cregular%2Citalic%2C500%2C500italic%2C700%2C700italic%2C900%2C900italic|font_style:500%20bold%20regular%3A500%3Anormal\u00bb css=\u00bb.vc_custom_1539768397167{margin-top: 0px !important;}\u00bb][vc_empty_space][\/vc_column][vc_column width=\u00bb1\/6&#8243;][\/vc_column][\/vc_row][vc_row bg_type=\u00bbgrad\u00bb bg_override=\u00bbfull\u00bb bg_grad=\u00bbbackground: -webkit-gradient(linear, left top, left bottom, color-stop(0%, #EF8036), color-stop(47%, #F9B63B), color-stop(100%, #FFFFFF));background: -moz-linear-gradient(top,#EF8036 0%,#F9B63B 47%,#FFFFFF 100%);background: -webkit-linear-gradient(top,#EF8036 0%,#F9B63B 47%,#FFFFFF 100%);background: -o-linear-gradient(top,#EF8036 0%,#F9B63B 47%,#FFFFFF 100%);background: -ms-linear-gradient(top,#EF8036 0%,#F9B63B 47%,#FFFFFF 100%);background: linear-gradient(top,#EF8036 0%,#F9B63B 47%,#FFFFFF 100%);\u00bb][vc_column width=\u00bb1\/6&#8243;][vc_empty_space height=\u00bb152px\u00bb][vc_single_image image=\u00bb1927&#8243; img_size=\u00bbfull\u00bb alignment=\u00bbcenter\u00bb][\/vc_column][vc_column width=\u00bb2\/3&#8243;][vc_empty_space][vc_custom_heading text=\u00bb\u00bfC\u00f3mo se hace el regalo?\u00bb font_container=\u00bbtag:h2|font_size:30|text_align:center|color:%23465760|line_height:1%2C5&#8243; google_fonts=\u00bbfont_family:Roboto%3A100%2C100italic%2C300%2C300italic%2Cregular%2Citalic%2C500%2C500italic%2C700%2C700italic%2C900%2C900italic|font_style:500%20bold%20regular%3A500%3Anormal\u00bb css=\u00bb.vc_custom_1545167971001{margin-top: 0px !important;}\u00bb][vc_empty_space height=\u00bb12px\u00bb][vc_row_inner][vc_column_inner width=\u00bb1\/6&#8243;][\/vc_column_inner][vc_column_inner width=\u00bb2\/3&#8243;][vc_column_text el_class=\u00bbroboto\u00bb]<\/p>\n<p style=\"text-align: justify; font-size: 20pt; color: #ffffff;\"><span style=\"color: #465760;\">F\u00e1cil. Env\u00edanos un correo indicando el nombre y direcci\u00f3n electr\u00f3nica de la persona a la que quieres regalar la APP intimind.<\/span><\/p>\n<p>[\/vc_column_text][vc_empty_space][vc_btn title=\u00bbDESCARGA LA APP\u00bb style=\u00bbflat\u00bb color=\u00bbwarning\u00bb size=\u00bblg\u00bb align=\u00bbcenter\u00bb link=\u00bburl:http%3A%2F%2Fonelink.to%2F5s2ngs||target:%20_blank|\u00bb el_class=\u00bbroboto\u00bb][vc_empty_space height=\u00bb42px\u00bb][\/vc_column_inner][vc_column_inner width=\u00bb1\/6&#8243;][\/vc_column_inner][\/vc_row_inner][\/vc_column][vc_column width=\u00bb1\/6&#8243;][vc_empty_space height=\u00bb152px\u00bb][vc_single_image image=\u00bb1927&#8243; img_size=\u00bbfull\u00bb alignment=\u00bbcenter\u00bb][\/vc_column][\/vc_row][vc_row bg_type=\u00bbimage\u00bb parallax_style=\u00bbvcpb-default\u00bb bg_image_new=\u00bbid^1930|url^http:\/\/ceipelcrist.org\/wp-content\/uploads\/2018\/10\/footer-oficina-3-1.jpg|caption^null|alt^null|title^footer-oficina-3|description^null\u00bb bg_image_repeat=\u00bbno-repeat\u00bb bg_override=\u00bbfull\u00bb css=\u00bb.vc_custom_1539777438004{padding-top: 50px !important;padding-bottom: 50px !important;background-color: #78909c !important;}\u00bb][vc_column width=\u00bb1\/4&#8243; css=\u00bb.vc_custom_1538689256410{margin-top: 0px !important;}\u00bb][\/vc_column][vc_column width=\u00bb1\/2&#8243;][vc_custom_heading text=\u00bbEscr\u00edbenos aqu\u00ed y nos pondremos en contacto contigo para confirmar la entrega\u00bb font_container=\u00bbtag:h2|font_size:30|text_align:center|color:%23ffffff|line_height:1%2C5&#8243; google_fonts=\u00bbfont_family:Roboto%3A100%2C100italic%2C300%2C300italic%2Cregular%2Citalic%2C500%2C500italic%2C700%2C700italic%2C900%2C900italic|font_style:500%20bold%20regular%3A500%3Anormal\u00bb css=\u00bb.vc_custom_1545168005630{margin-top: 0px !important;}\u00bb][vc_column_text]<form id=\"solicita_informacion\"><div id=\"mensaje_solicitud\"><\/div><input name=\"nombre\" type=\"text\" placeholder=\"Nombre\"><input name=\"email\" type=\"text\" placeholder=\"Email\"><textarea name=\"consulta\" placeholder=\"Consulta\"><\/textarea><input type=\"checkbox\" name=\"acepto\"> He le\u00eddo y acepto la <a href=\"https:\/\/intimind.es\/home\/politica-de-privacidad\/\" target=\"_blank\">pol\u00edtica de privacidad<\/a>.<br><input type=\"checkbox\" name=\"aceptos\"> Doy mi consentimiento a intimind para el env\u00edo de su newsletter, novedades comerciales y\/o nuevas promociones de sus servicios.<p id=\"boton_enviar\"><input type=\"submit\" value=\"Enviar\"><\/p><\/form>[\/vc_column_text][\/vc_column][vc_column width=\u00bb1\/4&#8243;][\/vc_column][\/vc_row][vc_row css=\u00bb.vc_custom_1541890689385{margin-bottom: -50px !important;}\u00bb][vc_column][vc_empty_space height=\u00bb42px\u00bb][rev_slider_vc alias=\u00bbportal-sanitario\u00bb][rev_slider_vc alias=\u00bbfooter-4&#8243;][\/vc_column][\/vc_row]<\/p>\n","protected":false},"excerpt":{"rendered":"<p>[vc_row bg_type=\u00bbimage\u00bb parallax_style=\u00bbvcpb-default\u00bb bg_image_new=\u00bbid^1731|url^http:\/\/ceipelcrist.org\/wp-content\/uploads\/2018\/10\/fonfo-bubble-linea-3.png|caption^null|alt^null|title^fonfo-bubble-linea-3|description^null\u00bb bg_image_repeat=\u00bbno-repeat\u00bb bg_override=\u00bbfull\u00bb css=\u00bb.vc_custom_1539695049043{background-image: url(http:\/\/intimind.es\/wp-content\/uploads\/2018\/10\/fonfo-bubble-linea-2-1024&#215;539.jpg?id=2140) !important;}\u00bb][vc_column][vc_empty_space height=\u00bb52px\u00bb][vc_custom_heading text=\u00bbRegala\u00bb font_container=\u00bbtag:h1|font_size:60|text_align:center|color:%23465760&#8243; use_theme_fonts=\u00bbyes\u00bb][vc_single_image image=\u00bb2147&#8243; img_size=\u00bbfull\u00bb alignment=\u00bbcenter\u00bb][vc_empty_space][vc_btn title=\u00bbDESCARGA LA APP\u00bb style=\u00bbflat\u00bb color=\u00bbwarning\u00bb size=\u00bblg\u00bb align=\u00bbcenter\u00bb link=\u00bburl:http%3A%2F%2Fonelink.to%2F5s2ngs||target:%20_blank|\u00bb el_class=\u00bbroboto\u00bb][vc_empty_space height=\u00bb52px\u00bb][\/vc_column][\/vc_row][vc_row bg_type=\u00bbbg_color\u00bb bg_override=\u00bbfull\u00bb bg_color_value=\u00bb#78909c\u00bb css=\u00bb.vc_custom_1545157996513{padding-bottom: 50px !important;background-color: #465760 !important;}\u00bb][vc_column width=\u00bb1\/6&#8243;][\/vc_column][vc_column width=\u00bb2\/3&#8243;][vc_empty_space height=\u00bb52px\u00bb][vc_custom_heading text=\u00bb\u00bfBuscas un buen regalo?\u00bb font_container=\u00bbtag:h1|font_size:50|text_align:center|color:%23ffffff|line_height:2&#8243; use_theme_fonts=\u00bbyes\u00bb css=\u00bb.vc_custom_1544356077448{margin-top: 0px !important;}\u00bb][vc_single_image image=\u00bb2889&#8243; img_size=\u00bbfull\u00bb alignment=\u00bbcenter\u00bb][vc_empty_space][vc_custom_heading text=\u00bbSabes que el mindfulness puede ayudar [&hellip;]<\/p>\n","protected":false},"author":2,"featured_media":2889,"parent":0,"menu_order":0,"comment_status":"closed","ping_status":"closed","template":"","meta":[],"_links":{"self":[{"href":"https:\/\/intimind.es\/home\/wp-json\/wp\/v2\/pages\/2831"}],"collection":[{"href":"https:\/\/intimind.es\/home\/wp-json\/wp\/v2\/pages"}],"about":[{"href":"https:\/\/intimind.es\/home\/wp-json\/wp\/v2\/types\/page"}],"author":[{"embeddable":true,"href":"https:\/\/intimind.es\/home\/wp-json\/wp\/v2\/users\/2"}],"replies":[{"embeddable":true,"href":"https:\/\/intimind.es\/home\/wp-json\/wp\/v2\/comments?post=2831"}],"version-history":[{"count":16,"href":"https:\/\/intimind.es\/home\/wp-json\/wp\/v2\/pages\/2831\/revisions"}],"predecessor-version":[{"id":2892,"href":"https:\/\/intimind.es\/home\/wp-json\/wp\/v2\/pages\/2831\/revisions\/2892"}],"wp:featuredmedia":[{"embeddable":true,"href":"https:\/\/intimind.es\/home\/wp-json\/wp\/v2\/media\/2889"}],"wp:attachment":[{"href":"https:\/\/intimind.es\/home\/wp-json\/wp\/v2\/media?parent=2831"}],"curies":[{"name":"wp","href":"https:\/\/api.w.org\/{rel}","templated":true}]}}