{"id":268,"date":"2016-01-07T18:00:25","date_gmt":"2016-01-07T18:00:25","guid":{"rendered":"https:\/\/intimind.es\/?page_id=268"},"modified":"2018-11-04T01:22:13","modified_gmt":"2018-11-04T00:22:13","slug":"videos","status":"publish","type":"page","link":"https:\/\/intimind.es\/home\/home\/videos\/","title":{"rendered":"Videos"},"content":{"rendered":"<p>[vc_row css=\u00bb.vc_custom_1540928860956{background-image: url(https:\/\/intimind.es\/wp-content\/uploads\/2018\/10\/fonfo-bubble-3-lineas-1024&#215;539.png?id=2289) !important;}\u00bb][vc_column][vc_column_text]<\/p>\n<h1 style=\"text-align: center;\"><span style=\"color: #465760;\">Aprende qu\u00e9 es el mindfulness<\/span><\/h1>\n<h2 style=\"text-align: center;\"><span style=\"color: #465760;\">con esta serie de v\u00eddeos divulgativos<\/span><\/h2>\n<p>[\/vc_column_text][\/vc_column][\/vc_row][vc_row][vc_column][vc_row_inner][vc_column_inner width=\u00bb1\/4&#8243;][vc_column_text]<\/p>\n<h3 style=\"text-align: right;\"><span style=\"color: #ff9900; font-weight: normal;\">CAP\u00cdTULO 1<br \/>\n\u00bfQu\u00e9 es mindfulness?<\/span><\/h3>\n<p style=\"text-align: right;\">Te explicamos los fundamentos de mindfulness o atenci\u00f3n plena, en un minuto.<\/p>\n<p>[\/vc_column_text][\/vc_column_inner][vc_column_inner width=\u00bb3\/4&#8243; css=\u00bb.vc_custom_1452528472708{padding-right: 50px !important;}\u00bb][vc_video link=\u00bbhttps:\/\/vimeo.com\/141514397&#8243;][\/vc_column_inner][\/vc_row_inner][vc_row_inner][vc_column_inner width=\u00bb1\/4&#8243;][vc_column_text]<\/p>\n<h3 style=\"text-align: right;\"><span style=\"color: #ff9900; font-weight: normal;\">CAP\u00cdTULO 2<br \/>\n\u00bfC\u00f3mo se practica?<\/span><\/h3>\n<p style=\"text-align: right;\">C\u00f3mo adquirir el h\u00e1bito de meditar en 4 pasos<\/p>\n<p>[\/vc_column_text][\/vc_column_inner][vc_column_inner width=\u00bb3\/4&#8243; css=\u00bb.vc_custom_1452528497819{padding-right: 50px !important;}\u00bb][vc_video link=\u00bbhttps:\/\/vimeo.com\/141514055&#8243;][\/vc_column_inner][\/vc_row_inner][vc_row_inner][vc_column_inner width=\u00bb1\/4&#8243;][vc_column_text]<\/p>\n<h3 style=\"text-align: right;\"><span style=\"color: #ff9900; font-weight: normal;\">CAP\u00cdTULO 3<br \/>\nLos beneficios de mindfulness<\/span><\/h3>\n<p style=\"text-align: right;\">C\u00f3mo adquirir el h\u00e1bito de meditar en 4 pasos<\/p>\n<p>[\/vc_column_text][\/vc_column_inner][vc_column_inner width=\u00bb3\/4&#8243; css=\u00bb.vc_custom_1452528497819{padding-right: 50px !important;}\u00bb][vc_video link=\u00bbhttps:\/\/vimeo.com\/151512373&#8243;][\/vc_column_inner][\/vc_row_inner][vc_row_inner][vc_column_inner width=\u00bb1\/4&#8243;][vc_column_text]<\/p>\n<h3 style=\"text-align: right;\"><span style=\"color: #ff9900; font-weight: normal;\">CAP\u00cdTULO 4<br \/>\nClaridad mental<\/span><\/h3>\n<p style=\"text-align: right;\">Ensancha tu mente<\/p>\n<p>[\/vc_column_text][\/vc_column_inner][vc_column_inner width=\u00bb3\/4&#8243; css=\u00bb.vc_custom_1452528497819{padding-right: 50px !important;}\u00bb][vc_video link=\u00bbhttps:\/\/vimeo.com\/141513682&#8243;][\/vc_column_inner][\/vc_row_inner][vc_row_inner][vc_column_inner width=\u00bb1\/4&#8243;][vc_column_text]<\/p>\n<h3 style=\"text-align: right;\"><span style=\"color: #ff9900; font-weight: normal;\">CAP\u00cdTULO 5<br \/>\nLa actitud en mindfulness<\/span><\/h3>\n<p style=\"text-align: right;\">Aprende a ser tu mejor amigo<\/p>\n<p>[\/vc_column_text][\/vc_column_inner][vc_column_inner width=\u00bb3\/4&#8243; css=\u00bb.vc_custom_1452528497819{padding-right: 50px !important;}\u00bb][vc_video link=\u00bbhttps:\/\/vimeo.com\/148855342&#8243;][\/vc_column_inner][\/vc_row_inner][vc_row_inner][vc_column_inner width=\u00bb1\/4&#8243;][vc_column_text]<\/p>\n<h3 style=\"text-align: right;\"><span style=\"color: #ff9900; font-weight: normal;\">CAP\u00cdTULO 6<br \/>\nMindfulness, una gran IDEA<\/span><\/h3>\n<p style=\"text-align: right;\">Intimidad, Desidentifica, Examina, Acepta<\/p>\n<p>[\/vc_column_text][\/vc_column_inner][vc_column_inner width=\u00bb3\/4&#8243; css=\u00bb.vc_custom_1452528497819{padding-right: 50px !important;}\u00bb][vc_video link=\u00bbhttps:\/\/vimeo.com\/148856447&#8243;][\/vc_column_inner][\/vc_row_inner][vc_row_inner][vc_column_inner width=\u00bb1\/4&#8243;][vc_column_text]<\/p>\n<h3 style=\"text-align: right;\"><span style=\"color: #ff9900; font-weight: normal;\">CAP\u00cdTULO 7<br \/>\nMantener la pr\u00e1ctica<\/span><\/h3>\n<p style=\"text-align: right;\">Claves para entrenar tu atenci\u00f3n<\/p>\n<p>[\/vc_column_text][\/vc_column_inner][vc_column_inner width=\u00bb3\/4&#8243; css=\u00bb.vc_custom_1452528497819{padding-right: 50px !important;}\u00bb][vc_video link=\u00bbhttps:\/\/vimeo.com\/151512374&#8243;][\/vc_column_inner][\/vc_row_inner][\/vc_column][\/vc_row][vc_row css=\u00bb.vc_custom_1541290919283{margin-bottom: -50px !important;}\u00bb][vc_column][rev_slider_vc alias=\u00bbportal-sanitario\u00bb][rev_slider_vc alias=\u00bbfooter-4&#8243;][\/vc_column][\/vc_row]<\/p>\n","protected":false},"excerpt":{"rendered":"<p>[vc_row css=\u00bb.vc_custom_1540928860956{background-image: url(https:\/\/intimind.es\/wp-content\/uploads\/2018\/10\/fonfo-bubble-3-lineas-1024&#215;539.png?id=2289) !important;}\u00bb][vc_column][vc_column_text] Aprende qu\u00e9 es el mindfulness con esta serie de v\u00eddeos divulgativos [\/vc_column_text][\/vc_column][\/vc_row][vc_row][vc_column][vc_row_inner][vc_column_inner width=\u00bb1\/4&#8243;][vc_column_text] CAP\u00cdTULO 1 \u00bfQu\u00e9 es mindfulness? Te explicamos los fundamentos de mindfulness o atenci\u00f3n plena, en un minuto. [\/vc_column_text][\/vc_column_inner][vc_column_inner width=\u00bb3\/4&#8243; css=\u00bb.vc_custom_1452528472708{padding-right: 50px !important;}\u00bb][vc_video link=\u00bbhttps:\/\/vimeo.com\/141514397&#8243;][\/vc_column_inner][\/vc_row_inner][vc_row_inner][vc_column_inner width=\u00bb1\/4&#8243;][vc_column_text] CAP\u00cdTULO 2 \u00bfC\u00f3mo se practica? C\u00f3mo adquirir el h\u00e1bito de meditar en 4 pasos [&hellip;]<\/p>\n","protected":false},"author":1,"featured_media":0,"parent":9,"menu_order":0,"comment_status":"closed","ping_status":"closed","template":"","meta":[],"_links":{"self":[{"href":"https:\/\/intimind.es\/home\/wp-json\/wp\/v2\/pages\/268"}],"collection":[{"href":"https:\/\/intimind.es\/home\/wp-json\/wp\/v2\/pages"}],"about":[{"href":"https:\/\/intimind.es\/home\/wp-json\/wp\/v2\/types\/page"}],"author":[{"embeddable":true,"href":"https:\/\/intimind.es\/home\/wp-json\/wp\/v2\/users\/1"}],"replies":[{"embeddable":true,"href":"https:\/\/intimind.es\/home\/wp-json\/wp\/v2\/comments?post=268"}],"version-history":[{"count":17,"href":"https:\/\/intimind.es\/home\/wp-json\/wp\/v2\/pages\/268\/revisions"}],"predecessor-version":[{"id":4077,"href":"https:\/\/intimind.es\/home\/wp-json\/wp\/v2\/pages\/268\/revisions\/4077"}],"up":[{"embeddable":true,"href":"https:\/\/intimind.es\/home\/wp-json\/wp\/v2\/pages\/9"}],"wp:attachment":[{"href":"https:\/\/intimind.es\/home\/wp-json\/wp\/v2\/media?parent=268"}],"curies":[{"name":"wp","href":"https:\/\/api.w.org\/{rel}","templated":true}]}}