{"id":259,"date":"2015-12-31T12:06:25","date_gmt":"2015-12-31T12:06:25","guid":{"rendered":"https:\/\/intimind.es\/?page_id=259"},"modified":"2020-12-22T18:44:27","modified_gmt":"2020-12-22T17:44:27","slug":"rosa-psicologa-elephantplena","status":"publish","type":"page","link":"https:\/\/intimind.es\/home\/rosa-psicologa-elephantplena\/","title":{"rendered":"Rosa &#8211; Psic\u00f3loga. Elephantplena"},"content":{"rendered":"<p>[vc_row css=\u00bb.vc_custom_1539982167678{background-image: url(https:\/\/intimind.es\/wp-content\/uploads\/2018\/10\/fonfo-bubble-3-lineas-1024&#215;539.png?id=2289) !important;}\u00bb][vc_column][vc_column_text]<\/p>\n<h1><img src=\"https:\/\/intimind.es\/wp-content\/uploads\/2015\/12\/corchete_abierto.png\" alt=\"\" \/>Rosa &#8211; Psic\u00f3loga. Psico-forma<img src=\"https:\/\/intimind.es\/wp-content\/uploads\/2015\/12\/corchete_cerrado.png\" alt=\"\" \/><\/h1>\n<p>[\/vc_column_text][\/vc_column][\/vc_row][vc_row el_class=\u00bbroboto\u00bb][vc_column][vc_row_inner][vc_column_inner width=\u00bb1\/4&#8243;][vc_single_image image=\u00bb182&#8243; img_size=\u00bbfull\u00bb][\/vc_column_inner][vc_column_inner width=\u00bb3\/4&#8243;][vc_column_text]<\/p>\n<p style=\"text-align: justify;\"><strong>El m\u00e9todo Intimind es una gu\u00eda que nos va indicando los pasos a dar y nos acompa\u00f1a en el desarrollo de la capacidad mindfulness. La app es un recurso que favorece y refuerza el h\u00e1bito de la pr\u00e1ctica regular.<\/strong><\/p>\n<p style=\"text-align: justify;\">En el centro de atenci\u00f3n psicol\u00f3gica de <a href=\"https:\/\/psicoforma.es\/\" target=\"_blank\" rel=\"noopener noreferrer\">Psicoforma<\/a> facilitamos la pr\u00e1ctica de mindfulness a particulares, empresas y centros educativos en su d\u00eda a d\u00eda. Incluso a los que se consideran m\u00e1s nerviosos les dir\u00eda que todo el mundo puede practicar. No hay forma de hacerlo mal.<\/p>\n<p style=\"text-align: justify;\">El principal valor de mindfulness para mi es la libertad. Conocerme a mi misma y no ser arrastrada por las circunstancias o por pensamientos y emociones autom\u00e1ticos.<\/p>\n<p style=\"text-align: justify;\">Disfruto de mi familia y amigos. Tengo dos hijos que son mis maestros. Me gusta la m\u00fasica y bailar. Asisto a todos los conciertos que puedo y a retiros\u2026 combino momentos de mucho sonido y movimiento, con otros de silencio y quietud.<\/p>\n<p>[\/vc_column_text][\/vc_column_inner][\/vc_row_inner][\/vc_column][\/vc_row]<\/p>\n","protected":false},"excerpt":{"rendered":"<p>[vc_row css=\u00bb.vc_custom_1539982167678{background-image: url(https:\/\/intimind.es\/wp-content\/uploads\/2018\/10\/fonfo-bubble-3-lineas-1024&#215;539.png?id=2289) !important;}\u00bb][vc_column][vc_column_text] Rosa &#8211; Psic\u00f3loga. Psico-forma [\/vc_column_text][\/vc_column][\/vc_row][vc_row el_class=\u00bbroboto\u00bb][vc_column][vc_row_inner][vc_column_inner width=\u00bb1\/4&#8243;][vc_single_image image=\u00bb182&#8243; img_size=\u00bbfull\u00bb][\/vc_column_inner][vc_column_inner width=\u00bb3\/4&#8243;][vc_column_text] El m\u00e9todo Intimind es una gu\u00eda que nos va indicando los pasos a dar y nos acompa\u00f1a en el desarrollo de la capacidad mindfulness. La app es un recurso que favorece y refuerza el h\u00e1bito de la pr\u00e1ctica regular. En el [&hellip;]<\/p>\n","protected":false},"author":1,"featured_media":0,"parent":0,"menu_order":0,"comment_status":"closed","ping_status":"closed","template":"","meta":[],"_links":{"self":[{"href":"https:\/\/intimind.es\/home\/wp-json\/wp\/v2\/pages\/259"}],"collection":[{"href":"https:\/\/intimind.es\/home\/wp-json\/wp\/v2\/pages"}],"about":[{"href":"https:\/\/intimind.es\/home\/wp-json\/wp\/v2\/types\/page"}],"author":[{"embeddable":true,"href":"https:\/\/intimind.es\/home\/wp-json\/wp\/v2\/users\/1"}],"replies":[{"embeddable":true,"href":"https:\/\/intimind.es\/home\/wp-json\/wp\/v2\/comments?post=259"}],"version-history":[{"count":8,"href":"https:\/\/intimind.es\/home\/wp-json\/wp\/v2\/pages\/259\/revisions"}],"predecessor-version":[{"id":4171,"href":"https:\/\/intimind.es\/home\/wp-json\/wp\/v2\/pages\/259\/revisions\/4171"}],"wp:attachment":[{"href":"https:\/\/intimind.es\/home\/wp-json\/wp\/v2\/media?parent=259"}],"curies":[{"name":"wp","href":"https:\/\/api.w.org\/{rel}","templated":true}]}}