{"id":1111,"date":"2017-01-23T18:45:41","date_gmt":"2017-01-23T17:45:41","guid":{"rendered":"https:\/\/intimind.es\/?page_id=1111"},"modified":"2017-01-23T18:45:41","modified_gmt":"2017-01-23T17:45:41","slug":"condiciones-de-facturacion","status":"publish","type":"page","link":"https:\/\/intimind.es\/home\/condiciones-de-facturacion\/","title":{"rendered":"Condiciones de facturaci\u00f3n"},"content":{"rendered":"<p>7. Condiciones de contrataci\u00f3n<br \/>\n7.1. Suscripciones<br \/>\nLa descarga de la App y la utilizaci\u00f3n de algunos de sus programas tendr\u00e1 car\u00e1cter gratuito. Sin embargo, para acceder a otros contenidos, programas y meditaciones disponibles en la App, ser\u00e1 necesario suscribirse.<br \/>\nEn este apartado se regulan las condiciones de contrataci\u00f3n de las suscripciones, sin perjuicio de las condiciones particulares que se indiquen en la App para cada suscripci\u00f3n. En caso de discrepancia entre lo indicado en la App y lo expuesto en el presente apartado, prevalecer\u00e1 lo especificado en la App.<\/p>\n<p>7. Condiciones de contrataci\u00f3n<br \/>\n7.1. Suscripciones<br \/>\nLa descarga de la App y la utilizaci\u00f3n de algunos de sus programas tendr\u00e1 car\u00e1cter gratuito. Sin embargo, para acceder a otros contenidos, programas y meditaciones disponibles en la App, ser\u00e1 necesario suscribirse.<br \/>\nEn este apartado se regulan las condiciones de contrataci\u00f3n de las suscripciones, sin perjuicio de las condiciones particulares que se indiquen en la App para cada suscripci\u00f3n. En caso de discrepancia entre lo indicado en la App y lo expuesto en el presente apartado, prevalecer\u00e1 lo especificado en la App.<\/p>\n<p>7.2. Precio y duraci\u00f3n<br \/>\nEl precio de la suscripci\u00f3n se especificar\u00e1 con car\u00e1cter previo a la realizaci\u00f3n de la misma, y en todo caso incluir\u00e1 tanto el IVA como cualesquiera otros impuestos que resulten aplicables. Mediante la suscripci\u00f3n a INTIMIND usted adquiere una licencia de uso de dichos contenidos y programas de la App, sin que en ning\u00fan caso se entiendan cedidos otros derechos.<br \/>\nUsted podr\u00e1 elegir la duraci\u00f3n de la suscripci\u00f3n que desee entre las opciones habilitadas por INTIMIND en la APP. El pago de dichas suscripciones se realizar\u00e1 mensualmente por cualquiera de los medios de pago habilitados a tal efecto a trav\u00e9s de la App de INTIMIND. Una vez finalizado el periodo de suscripci\u00f3n contratado, se renovar\u00e1 autom\u00e1ticamente a no ser que seleccione lo contrario.<br \/>\nActualmente, y sin perjuicio de que INTIMIND pueda incluir otro tipo de suscripciones de pago, en la App se ofrecen los siguientes productos:<br \/>\n1. Bono mensual.<br \/>\n2. Bono anual.<br \/>\n3. M\u00f3dulos.<br \/>\nLe indicamos que la suscripci\u00f3n a m\u00f3dulos implica la adquisici\u00f3n de una licencia de uso de los contenidos por una duraci\u00f3n ilimitada a cambio del pago \u00fanico de un precio. Sin embargo, INTIMIND, por razones de servicio o decisiones comerciales, se reserva el derecho a eliminar el m\u00f3dulo. En todo caso, le garantizamos que desde la suscripci\u00f3n al m\u00f3dulo, el mismo estar\u00e1 disponible para usted por un m\u00ednimo de 12 meses.<\/p>\n","protected":false},"excerpt":{"rendered":"<p>7. Condiciones de contrataci\u00f3n 7.1. Suscripciones La descarga de la App y la utilizaci\u00f3n de algunos de sus programas tendr\u00e1 car\u00e1cter gratuito. Sin embargo, para acceder a otros contenidos, programas y meditaciones disponibles en la App, ser\u00e1 necesario suscribirse. En este apartado se regulan las condiciones de contrataci\u00f3n de las suscripciones, sin perjuicio de las [&hellip;]<\/p>\n","protected":false},"author":1,"featured_media":0,"parent":0,"menu_order":0,"comment_status":"closed","ping_status":"closed","template":"","meta":[],"_links":{"self":[{"href":"https:\/\/intimind.es\/home\/wp-json\/wp\/v2\/pages\/1111"}],"collection":[{"href":"https:\/\/intimind.es\/home\/wp-json\/wp\/v2\/pages"}],"about":[{"href":"https:\/\/intimind.es\/home\/wp-json\/wp\/v2\/types\/page"}],"author":[{"embeddable":true,"href":"https:\/\/intimind.es\/home\/wp-json\/wp\/v2\/users\/1"}],"replies":[{"embeddable":true,"href":"https:\/\/intimind.es\/home\/wp-json\/wp\/v2\/comments?post=1111"}],"version-history":[{"count":1,"href":"https:\/\/intimind.es\/home\/wp-json\/wp\/v2\/pages\/1111\/revisions"}],"predecessor-version":[{"id":1112,"href":"https:\/\/intimind.es\/home\/wp-json\/wp\/v2\/pages\/1111\/revisions\/1112"}],"wp:attachment":[{"href":"https:\/\/intimind.es\/home\/wp-json\/wp\/v2\/media?parent=1111"}],"curies":[{"name":"wp","href":"https:\/\/api.w.org\/{rel}","templated":true}]}}