{"id":1108,"date":"2017-01-23T18:45:12","date_gmt":"2017-01-23T17:45:12","guid":{"rendered":"https:\/\/intimind.es\/?page_id=1108"},"modified":"2020-12-22T15:34:01","modified_gmt":"2020-12-22T14:34:01","slug":"terminos-y-condiciones","status":"publish","type":"page","link":"https:\/\/intimind.es\/home\/terminos-y-condiciones\/","title":{"rendered":"T\u00e9rminos y condiciones"},"content":{"rendered":"<p>[vc_row][vc_column][vc_column_text]<\/p>\n<section style=\"font-family: 'Roboto', sans-serif;\">\n<p style=\"text-align: center;\"><strong>TERMINOS Y CONDICIONES DE USO<\/strong><\/p>\n<p>&nbsp;<\/p>\n<p>1. Informaci\u00f3n sobre Intimind<\/p>\n<p>2. Objeto<\/p>\n<p>3. Acceso y aceptaci\u00f3n<\/p>\n<p>4. Creaci\u00f3n de una cuenta<\/p>\n<p>5. Seguridad de la cuenta<\/p>\n<p>6. Edad requerida<\/p>\n<p>7. Condiciones de contrataci\u00f3n<\/p>\n<p>8. Exenci\u00f3n de responsabilidad por los servicios<\/p>\n<p>9. Propiedad intelectual e industrial<\/p>\n<p>10. Actividades prohibidas<\/p>\n<p>11. Pol\u00edtica de privacidad<\/p>\n<p>12. Responsabilidades<\/p>\n<p>13. Legislaci\u00f3n aplicable y tribunal competente<\/p>\n<p>14. Contacto<\/p>\n<p>&nbsp;<\/p>\n<p><strong>1. Informaci\u00f3n sobre Intimind<\/strong><\/p>\n<p>1.1. La aplicaci\u00f3n de Intimind (en adelante la \u201cApp\u201d), es propiedad de la compa\u00f1\u00eda Creaconcepto Consultora audiovisual SL (en adelante INTIMIND), sociedad constituida conforma a la legislaci\u00f3n espa\u00f1ola con domicilio en Calle Cid, 10, Bajo, 46530 Pu\u00e7ol (VALENCIA), con CIF B98781844 e inscrita en el Registro Mercantil de Valencia al Tomo 10009 libro 7291 folio 13 con NIF B98761844. 1.2. Puede contactar con nosotros por email a legal@intimind.es.<\/p>\n<p>&nbsp;<\/p>\n<p><strong>2. Objeto<\/strong><\/p>\n<p>2.1. Los Presentes t\u00e9rminos y condiciones regulan la utilizaci\u00f3n de la App y la contrataci\u00f3n de suscripciones a trav\u00e9s de la misma. Por ello, le rogamos que los lea atentamente y los ponemos a su disposici\u00f3n para que pueda acceder a ellos, consultarlos, descargarlos o imprimirlos siempre que quiera. La informaci\u00f3n relativa al tratamiento que realizamos con sus datos personales se encuentra en el apartado \u201cPol\u00edtica de Privacidad\u201d.<\/p>\n<p>1.1. La App titularidad de INTIMIND est\u00e1 integrada en la plataforma de la red social Facebook. Facebook Inc. e INTIMIND son compa\u00f1\u00edas independientes.<\/p>\n<p>&nbsp;<\/p>\n<p><strong>3. Acceso y Aceptaci\u00f3n<\/strong><\/p>\n<p>3.1. Informamos que la descarga, ejecuci\u00f3n, acceso o utilizaci\u00f3n de la App y sus servicios, implica la total aceptaci\u00f3n de los presentes T\u00e9rminos y condiciones, aceptar y comprender estos T\u00e9rminos y Condiciones y disponer de capacidad legal necesaria para acceder al sitio web. Adem\u00e1s, usted se compromete a usarlo conforma a las Condiciones de uso, a la legislaci\u00f3n vigente y a la buena fe.<\/p>\n<p>3.2. Si usted no acepta someterse a los presentes T\u00e9rminos y condiciones, por favor no Utilice los servicios y desinstale inmediatamente la App de su dispositivo.<\/p>\n<p>3.3. INTIMIND se reserva el derecho de modificar los T\u00e9rminos y Condiciones en cualquier momento, siendo su obligaci\u00f3n revisar peri\u00f3dicamente los presente t\u00e9rminos y cumplir con las obligaciones establecidas en la versi\u00f3n vigente en cada momento.<\/p>\n<p>&nbsp;<\/p>\n<p><strong>4. Creaci\u00f3n de una cuenta<\/strong><\/p>\n<p>4.1. Para utilizar la app, usted necesita registrarse ca trav\u00e9s de su direcci\u00f3n de correo electr\u00f3nico, mediante Facebook o a trav\u00e9s de su cuenta de Google. Si opta por registrarse a trav\u00e9s de Facebook, autoriza a INTIMIND a acceder y utilizar cierta informaci\u00f3n de su cuenta de Facebook en funci\u00f3n de la configuraci\u00f3n de privacidad que haya seleccionado en dicha red social. Asimismo, si elige registrarse a trav\u00e9s de Google, proporciona su autorizaci\u00f3n a INTIMIND para acceder y utilizar cierta informaci\u00f3n de su cuenta de Google en funci\u00f3n de la configuraci\u00f3n de privacidad que haya seleccionado. En estos supuestos, usted deber\u00e1 aceptar los premisos de Facebook o de Google necesarios para la cesi\u00f3n de sus datos personales a INTIMIND, as\u00ed como para la instalaci\u00f3n y ejecuci\u00f3n de la App.<\/p>\n<p>4.2. En ocasiones, INTIMID, podr\u00e1 solicitar el otorgamiento de permisos adicionales para llevar a cabo algunas acciones o disfrutar de determinadas funcionalidades. La falta de aceptaci\u00f3n de algunos de los permisos necesarios para el correcto funcionamiento de la app podr\u00e1 conllevar la suspensi\u00f3n de los servicios.<\/p>\n<p>&nbsp;<\/p>\n<p><strong>5. Seguridad de la cuenta<\/strong><\/p>\n<p>5.1. Mediante la apertura de una cuenta en la app, usted acepta y asume toda responsabilidad que pueda derivar de cualquier actividad que ocurra en la misma bajo su nombre de usuario y contrase\u00f1a. Por ello, es usted responsable de mantener la confidencialidad de la contrase\u00f1a que designe durante el proceso de registro no pudiendo compartirla o menoscabar la seguridad de su cuenta.<\/p>\n<p>&nbsp;<\/p>\n<p><strong>6. Edad Requerida<\/strong><\/p>\n<p>6.1. La app, est\u00e1 destinada a ser utilizada por personar mayores de edad. Si bien, algunas funcionalidades est\u00e1n destinadas a ser usados padres y docentes con menores de edad En ning\u00fan caso, podr\u00e1n registrarse menores de edad.<\/p>\n<p>6.2. El Usuario registrado, declara ser mayor de edad y tener la capacidad legal suficiente para la adquisici\u00f3n de una suscripci\u00f3n (apartado 7 de las presentes condiciones).<\/p>\n<p>6.3. INTIMIND podr\u00e1 contactar con usted en cualquier momento requiri\u00e9ndole que demuestre su edad mediante fotocopia del DNI o equivalente.<\/p>\n<p>&nbsp;<\/p>\n<p><strong>7. Condiciones de Contrataci\u00f3n<\/strong><\/p>\n<p>7.1. Suscripciones: La descarga de la app y la utilizaci\u00f3n de algunos de sus programas, tendr\u00e1 car\u00e1cter gratuito. Sin embargo, para acceder a otros contenidos, ser\u00e1 necesario suscribirse. En este apartado se regulan las condiciones de contrataci\u00f3n de las suscripciones, sin perjuicio de las condiciones particulares que se indiquen en la app, para cada suscripci\u00f3n. En caso de discrepancia entre lo indicado en la app y lo expuesto en el presente apartado, prevalecer\u00e1 lo especificado en la app.<\/p>\n<p>7.2. Precio y duraci\u00f3n: El precio de la suscripci\u00f3n se especificar\u00e1 con car\u00e1cter precio a la realizaci\u00f3n de la misma y en todo caso incluir\u00e1 tanto el IVA como cualquier otro impuesto que resulte aplicable. Mediante la suscripci\u00f3n a INTIMIND usted adquiere una licencia de uso de dicho contenido y programa de la app, sin que en ning\u00fan caso se entiendan cedidos otros derechos, Usted podr\u00e1 elegir la duraci\u00f3n de la suscripci\u00f3n que desee entre las opciones habilitadas por INTIMID en la app. El pago de dichas suscripciones se realizar\u00e1 mensualmente por cualquiera de los medios de pago habilitados a tal efecto a trav\u00e9s de la app de INTEMIND. Una vez finalizado el periodo de suscripci\u00f3n contratado, se renovar\u00e1 autom\u00e1ticamente a no ser que seleccione lo<\/p>\n<p>contrario. Actualmente y sin perjuicio de que INTIMIND pueda incluir otro tipo de suscripciones de pago, en la app se ofrecen los siguientes productos:<\/p>\n<p>1) Bono mensual.<\/p>\n<p>2) Bono anual.<\/p>\n<p>3) M\u00f3dulos.<\/p>\n<p>Le indicamos que la suscripci\u00f3n a m\u00f3dulos implica la adquisici\u00f3n de una licencia de uso de los contenidos por una duraci\u00f3n ilimitada a cambio del pago \u00fanico de un precio. Sin embargo, INTIMIND, por razones de servicio o decisiones comerciales, se reserva el derecho a eliminar el m\u00f3dulo. En todo caso, le garantizaremos que, desde la suscripci\u00f3n al m\u00f3dulo, el mismo estar\u00e1 disponible para usted por un m\u00ednimo de 12 meses.<\/p>\n<p>7.3. Derecho de Desistimiento y garant\u00eda: Una vez que inicie la ejecuci\u00f3n de los contenidos accesibles gracias a la suscripci\u00f3n, el USUARIO pierde el derecho de desistimiento. Esta excepci\u00f3n se ampara en el art\u00edculo 103 de la Ley General para la Defensa de Consumidores y Usuarios, al tratarse de suministro de contenido digital no prestado en un soporte material. Usted tiene derecho a desistir de la suscrici\u00f3n sin especificar motivo alguno durante los catorce d\u00edas naturales posteriores a la adquisici\u00f3n de la suscripci\u00f3n, sin incurrir por ello en coste alguno.<\/p>\n<p>&nbsp;<\/p>\n<p><strong>8. Exenci\u00f3n de responsabilidad por los servicios<\/strong><\/p>\n<p>8.1. INTIMIND no presta servicios de car\u00e1cter m\u00e9dico o medicinal, por lo que no proporciona consejos m\u00e9dicos. Aunque existen pruebas establecidas por terceros de que la meditaci\u00f3n y el mindfulness pueden ayudar en los procesos de prevenci\u00f3n y de recuperaci\u00f3n de un amplio abanico de enfermedades, as\u00ed como en la gesti\u00f3n de cierto n\u00famero de problemas de comportamiento y relacionales, INTIMIND no afirma ni garantiza que eso sea as\u00ed en caso de utilizar nuestros servicios. Todos los usuarios que tengan graves problemas m\u00e9dicos o psicol\u00f3gicos que requieran diagn\u00f3stico y tratamiento m\u00e9dico deben consultar con su m\u00e9dico.<\/p>\n<p>8.2. Todas la informaciones y enlaces contenidos en nuestros servicios relativos a la salud, proporcionados por INTIMID o por prestatarios exteriores contratados, son proporcionados \u00fanicamente para su informaci\u00f3n y su comodidad.<\/p>\n<p>8.3. Todos los consejos y otros elementos disponibles en nuestros servicios est\u00e1n destinados \u00fanicamente a fines de informaci\u00f3n general. No est\u00e1n destinados a servir de referencia ni a sustituir un consejo m\u00e9dico profesional basado en su situaci\u00f3n personal. Los consejos y dem\u00e1s elementos del site y la app est\u00e1n destinados a ayudar a su relaci\u00f3n con los encartados de su cuidado y de su salud, pero nunca a sustituirlos. No se nos puede considerar responsables de ninguna medida o acci\u00f3n tomada en raz\u00f3n de o tras haber le\u00eddo o escuchado nuestros consejos y contenidos o tras haber utilizado nuestros servicios. En particular, en la medida en que esto est\u00e1 permitido por la ley, no damos ninguna garant\u00eda en cuanto a la exactitud exhaustividad o una informaci\u00f3n publicada en cualquiera de nuestros servicios.<\/p>\n<p>&nbsp;<\/p>\n<p><strong>9. Propiedad intelectual e industrial<\/strong><\/p>\n<p>9.1. Todos los contenidos de la app incluyendo y sin car\u00e1cter limitativo, su dise\u00f1o gr\u00e1fico y el c\u00f3digo fuente, textos, audios, v\u00eddeos, im\u00e1genes y marcas, est\u00e1n protegidos por derechos de propiedad intelectual e industrial.<\/p>\n<p>9.2. Estos derechos pertenecen exclusivamente a INTIMIND o se encuentran debidamente licenciados a su favor. Por ello, queda expresamente prohibido cualquier acto de<\/p>\n<p>reproducci\u00f3n, distribuci\u00f3n, transformaci\u00f3n o comunicaci\u00f3n p\u00fablica, as\u00ed como cualquier tipo de cesi\u00f3n, del todo o parte del contenido de la app y en general cualquier acto de explotaci\u00f3n de la totalidad o parte de los contenidos (im\u00e1genes, textos, dise\u00f1o, \u00edndices, formas, etc.) as\u00ed como de las bases de datos del software necesario para la visualizaci\u00f3n o el funcionamiento de los mismos y de cualquier objeto que seg\u00fan la legislaci\u00f3n vigente sea protegible por las normas de propiedad intelectual o industrial.<\/p>\n<p>9.3. Los usuarios no podr\u00e1n en ning\u00fan caso explotar o servirse comercialmente, de forma directa o indirecta, total o parcial, de Ning uno de los contenidos que conformen la app sin la autorizaci\u00f3n previa y por escrito del titular. La autorizaci\u00f3n para el uso de cualquier contenido de la app puede solicitarse a la direcci\u00f3n de correo electr\u00f3nico legal@intimind.es.<\/p>\n<p>9.4. Asimismo, los usuarios garantizan a INTIMIND que cuentan con los derechos de propiedad intelectual suficientes sobre los contenidos que suban por cualquier medio a la app.<\/p>\n<p>&nbsp;<\/p>\n<p><strong>10. Actividades prohibidas<\/strong><\/p>\n<p>10.1. Usted se compromete a realizar un uso de la app de acuerdo a la buena fe y a las normas nacionales y\/o internacionales aplicables.<\/p>\n<p>10.2. Asimismo, y adicionalmente, a cualquier otra obligaci\u00f3n que se establezca en las presente condiciones, usted se compromete a no realizar las siguientes actividades:<\/p>\n<p>\u00b7 Hostigar, intimidar, acosar, amenazar o insultar a otros usuarios a trav\u00e9s de la app.<\/p>\n<p>\u00b7 Suplantar a cualquier persona, empleando su informaci\u00f3n personal, fotograf\u00edas o cualquier otro contenido mediante el cual usted se presente as\u00ed mismo como alguien que no es.<\/p>\n<p>\u00b7 Violar la intimidad o el derecho a la protecci\u00f3n de datos de los dem\u00e1s.<\/p>\n<p>\u00b7 Incluir o subir a la app contenidos que sean contrarios al orden p\u00fablico y ofensivos o que supongan amenazas o insultos graves, as\u00ed como contenidos cuyos derechos de propiedad intelectual pertenecen a un tercero sin contar con autorizaci\u00f3n para su publicaci\u00f3n. Asimismo, queda prohibido subir o incluir en la app contenidos que atenten contra la infancia o contra vienes especialmente protegidos por el ordenamiento jur\u00eddico espa\u00f1ol o cualquier otro tipo de contenido lesivo que incite a la violencia o la discriminaci\u00f3n bajo cualquier forma a juicio de INTIMIND<\/p>\n<p>\u00b7 La aplicaci\u00f3n se ofrece para su descarga, instalaci\u00f3n y ejecuci\u00f3n en a forma en que se encuentra disponible en cada momento. Usted se compromete a no modificar la a\u00f1\u00f1, as\u00ed como a no eludir, desactivar o interferir en las funciones relacionadas con la seguridad de la a\u00f1\u00f1.<\/p>\n<p>\u00b7 Realizar un uso de los servicios de tal manera que pueda interferir entorpecer, afectar negativamente o impida a los dem\u00e1s usuarios disfrutar plenamente d ellos servicios que pudiera da\u00f1ar, deshabilitar, sobrecargar o perjudicar el funcionamiento de los servicios.<\/p>\n<p>10.3. INTIMIND tiene derecho a borrar y\/o editar cualquier contenido que incumpla cualquiera de las normas y obligaciones descritas en estos t\u00e9rminos legales o pueda ser considerado inapropiado por INTIMIND. Usted ser\u00e1 el \u00fanico responsable de cualquier incumplimiento de dichas normas, exonerando de cualquier responsabilidad a INTIMIND,<\/p>\n<p>10.4. En caso de que usted tenga conocimiento de alguna vulneraci\u00f3n de las aqu\u00ed descritas u otras que pudieran lesionar bines, derechos o intereses protegibles, deber\u00e1 ponerse inmediatamente en contacto con INTIMIND a trav\u00e9s de la direcci\u00f3n de correo electr\u00f3nico legal@intimind.es, indicando la supuesta vulneraci\u00f3n. Una vez que recibamos la comunicaci\u00f3n, emplearemos la m\u00e1xima diligencia en la atenci\u00f3n y resoluci\u00b40on de la misma.<\/p>\n<p>10.5. La cuenta correspondiente al Usuario que haya llevado a cabo cualquier conducta contraria a las normas descritas en estos t\u00e9rminos o que gaya infringido cualquier otra norma en su pa\u00eds o en cualquier otro pa\u00eds, podr\u00e1 ser inmediatamente suspendida, cancelada o eliminada por INTIMIND, incluso en caso de que \u00fanicamente existan dudas o sospechas razonables sobre la comisi\u00f3n de dichas conductas. Dichos usuarios perder\u00e1n todos los derechos de uso adquiridos aun habi\u00e9ndose suscrito a cualquiera de nuestros servicios.<\/p>\n<p>&nbsp;<\/p>\n<p><strong>11. Pol\u00edtica de privacidad<\/strong><\/p>\n<p>La informaci\u00f3n relativa a la protecci\u00f3n de sus datos personales y al tratamiento que efectuaremos con los mismos, se encuentra detallada en el apartado Pol\u00edtica de privacidad. Por favor, cons\u00faltela con detenimiento. Consultar aqu\u00ed.<\/p>\n<p>&nbsp;<\/p>\n<p><strong>12. Responsabilidades<\/strong><\/p>\n<p>12.1. INTIMIND, no se hace responsable de la transmisi\u00f3n de los resultado negativos o potencialmente lesivos del uso, instalaci\u00f3n o ejecuci\u00f3n de la app, causados en su dispositivo o las cuenta mantenidas enredes sociales, que est\u00e9n provocadas por la acci\u00f3n u omisi\u00f3n de terceros o por el uso inadecuado de la app por su parte.<\/p>\n<p>12.2. INTMIND declina cualquier responsabilidad que pueda derivarse de ca\u00eddas en los servidores. Por tanto, INTIMIND no responder\u00e1 de los da\u00f1os o perjuicios que por tal causa pudieren producirse a los usuarios.<\/p>\n<p>12.3. INTIMIND no garantiza la disponibilidad, integridad y ejecutabilidad de la app de manera gratuita en su dispositivo, ni su correcta integraci\u00f3n con todos los sitios web o dispositivos que admitan la introducci\u00f3n del texto a trav\u00e9s de una funcionalidad propia.<\/p>\n<p>12.4. INTIMIND no asume ninguna responsabilidad sobre la identidad de los usuarios.<\/p>\n<p>12.5. En cualquier caso, INTIMIND no se hace responsable de cualquier lucro cesante, da\u00f1o emergente o cualquier otro perjuicio que usted pueda haber sufrido como consecuencia, en relaci\u00f3n con o a partir del uso de la app incluso en caso de que INTIMIND haya sido previamente notificado o avisado por usted o por terceros sobre la posibilidad de la existencia de dichos da\u00f1os.<\/p>\n<p>&nbsp;<\/p>\n<p><strong>13. Legislaci\u00f3n aplicable y tribunal competente<\/strong><\/p>\n<p>13.1. En lo previsto en el presente contrato, as\u00ed como en la interpretaci\u00f3n y resoluci\u00f3n de conflictos que pudieran surgir entre las partes, ser\u00e1 de aplicaci\u00f3n la legislaci\u00f3n espa\u00f1ola.<\/p>\n<p>13.2. Las partes se someten a la jurisdicci\u00f3n que la ley aplicable determine en caso de contrataci\u00f3n con consumidores.<\/p>\n<p>13.3. Resoluci\u00f3n de litigios en l\u00ednea (Online Dispute Resolution)<\/p>\n<p>Conforme al Art. 14.1 del Reglamento (UE) 524\/2013, la Comisi\u00f3n Europea facilita una plataforma de acceso gratuito para la resoluci\u00f3n de conflictos online entre el USUARIO e INTIMIND, sin necesidad de recurrir a los tribunales de justicia, mediante la intervenci\u00f3n de un tercero, llamado Organismo de resoluci\u00f3n de litigios, que act\u00faa de intermediario entre ambos. Este organismo es neutral y dialogar\u00e1 con ambas partes para lograr un acuerdo, pudiendo finalmente sugerir y\/o imponer una soluci\u00f3n al conflicto.<\/p>\n<p>Enlace a la plataforma ODR:<a href=\"http:\/\/ec.europa.eu\/consumers\/odr\/\"> http:\/\/ec.europa.eu\/consumers\/odr\/<\/a><\/p>\n<p>&nbsp;<\/p>\n<p>&nbsp;<\/p>\n<p><strong>14. Contacto<\/strong><\/p>\n<p>Si usted tiene alguna duda sobre los t\u00e9rminos y condiciones de uso de la app, puede ponerse en contacto a trav\u00e9s de la direcci\u00f3n de correo electr\u00f3nico <a href=\"mailto:legal@intimind.es\">legal@intimind.es<\/a><\/p>\n<\/section>\n<p>[\/vc_column_text][\/vc_column][\/vc_row]<\/p>\n","protected":false},"excerpt":{"rendered":"<p>[vc_row][vc_column][vc_column_text] TERMINOS Y CONDICIONES DE USO &nbsp; 1. Informaci\u00f3n sobre Intimind 2. Objeto 3. Acceso y aceptaci\u00f3n 4. Creaci\u00f3n de una cuenta 5. Seguridad de la cuenta 6. Edad requerida 7. Condiciones de contrataci\u00f3n 8. Exenci\u00f3n de responsabilidad por los servicios 9. Propiedad intelectual e industrial 10. Actividades prohibidas 11. Pol\u00edtica de privacidad 12. Responsabilidades [&hellip;]<\/p>\n","protected":false},"author":1,"featured_media":0,"parent":0,"menu_order":0,"comment_status":"closed","ping_status":"closed","template":"","meta":[],"_links":{"self":[{"href":"https:\/\/intimind.es\/home\/wp-json\/wp\/v2\/pages\/1108"}],"collection":[{"href":"https:\/\/intimind.es\/home\/wp-json\/wp\/v2\/pages"}],"about":[{"href":"https:\/\/intimind.es\/home\/wp-json\/wp\/v2\/types\/page"}],"author":[{"embeddable":true,"href":"https:\/\/intimind.es\/home\/wp-json\/wp\/v2\/users\/1"}],"replies":[{"embeddable":true,"href":"https:\/\/intimind.es\/home\/wp-json\/wp\/v2\/comments?post=1108"}],"version-history":[{"count":5,"href":"https:\/\/intimind.es\/home\/wp-json\/wp\/v2\/pages\/1108\/revisions"}],"predecessor-version":[{"id":4156,"href":"https:\/\/intimind.es\/home\/wp-json\/wp\/v2\/pages\/1108\/revisions\/4156"}],"wp:attachment":[{"href":"https:\/\/intimind.es\/home\/wp-json\/wp\/v2\/media?parent=1108"}],"curies":[{"name":"wp","href":"https:\/\/api.w.org\/{rel}","templated":true}]}}