{"id":1089,"date":"2017-01-23T11:39:04","date_gmt":"2017-01-23T10:39:04","guid":{"rendered":"https:\/\/intimind.es\/?page_id=1089"},"modified":"2025-03-10T17:53:55","modified_gmt":"2025-03-10T16:53:55","slug":"receta-maestra-intimind","status":"publish","type":"page","link":"https:\/\/intimind.es\/home\/receta-maestra-intimind\/","title":{"rendered":"RECETA MAESTRA INTIMIND"},"content":{"rendered":"<p>[vc_row][vc_column][vc_column_text][\/vc_column_text][vc_separator color=\u00bborange\u00bb style=\u00bbshadow\u00bb][\/vc_column][\/vc_row][vc_row][vc_column width=\u00bb1\/3&#8243;][\/vc_column][vc_column width=\u00bb1\/3&#8243;][vc_single_image image=\u00bb109&#8243; img_size=\u00bbfull\u00bb alignment=\u00bbcenter\u00bb][vc_separator color=\u00bborange\u00bb style=\u00bbshadow\u00bb][vc_column_text]<\/p>\n<h1><span style=\"color: #455a64;\">Receta maestra M\u00e9todo intimind<\/span><\/h1>\n<p>[\/vc_column_text][vc_separator color=\u00bborange\u00bb style=\u00bbshadow\u00bb][\/vc_column][vc_column width=\u00bb1\/3&#8243;][\/vc_column][\/vc_row][vc_row][vc_column][vc_separator color=\u00bborange\u00bb style=\u00bbshadow\u00bb][\/vc_column][\/vc_row][vc_row][vc_column width=\u00bb1\/4&#8243;][\/vc_column][vc_column width=\u00bb1\/2&#8243;][vc_column_text]<\/p>\n<h2 style=\"text-align: justify;\"><span style=\"color: #607d8b;\">\u00a0<\/span><\/h2>\n<h2 style=\"text-align: justify;\"><span style=\"color: #607d8b;\">Nuestra base es\u00a0la ciencia y todas las investigaciones\u00a0que demuestran los beneficios de practicar mindfulness.<br \/>\nEsa capacidad la tenemos todos, est\u00e1 en tu interior y el\u00a0m\u00e9todo intimind\u00a0te ayuda a descubrirla y desarrollarla.<\/span><\/h2>\n<h2 style=\"text-align: justify;\"><span style=\"color: #607d8b;\">Si no has practicado nunca puedes\u00a0empezar con\u00a0intimind. Te guiaremos paso a paso. Desde cero.<br \/>\nSi lo que te cuesta es la constancia, Intimind es una\u00a0herramienta motivadora\u00a0que te facilita cultivar mindfulness hasta que se convierta en un h\u00e1bito m\u00e1s en tu vida. Porque lo que importa es que todos los d\u00edas practiques y ejercites el m\u00fasculo de tu atenci\u00f3n. <\/span><\/h2>\n<h2 style=\"text-align: justify;\"><span style=\"color: #607d8b;\">Si no puedes m\u00e1s tiempo, pues menos. Nosotros te proponemos 10 minutos al d\u00eda para empezar. Pero nuestros programas tienen tambi\u00e9n pr\u00e1cticas de 20 minutos para que puedas profundizar. <\/span><\/h2>\n<h2 style=\"text-align: justify;\"><span style=\"color: #607d8b;\">Siempre con las meditaciones guiadas elaboradas por psic\u00f3logos que te conducen para que vayas progresando, a tu propio ritmo, en un proceso de autoindagaci\u00f3n \u00edntimo y satisfactorio.<\/span><\/h2>\n<h2 style=\"text-align: justify;\"><span style=\"color: #607d8b;\">El mejor momento para empezar: ahora.<\/span><\/h2>\n<p>[\/vc_column_text][\/vc_column][vc_column width=\u00bb1\/4&#8243;][\/vc_column][\/vc_row][vc_row][vc_column width=\u00bb1\/3&#8243;][vc_column_text]<\/p>\n<h2 style=\"text-align: justify;\"><\/h2>\n<p>[\/vc_column_text][\/vc_column][\/vc_row][vc_row][vc_column][\/vc_column][\/vc_row]<\/p>\n","protected":false},"excerpt":{"rendered":"<p>[vc_row][vc_column][vc_column_text][\/vc_column_text][vc_separator color=\u00bborange\u00bb style=\u00bbshadow\u00bb][\/vc_column][\/vc_row][vc_row][vc_column width=\u00bb1\/3&#8243;][\/vc_column][vc_column width=\u00bb1\/3&#8243;][vc_single_image image=\u00bb109&#8243; img_size=\u00bbfull\u00bb alignment=\u00bbcenter\u00bb][vc_separator color=\u00bborange\u00bb style=\u00bbshadow\u00bb][vc_column_text] Receta maestra M\u00e9todo intimind [\/vc_column_text][vc_separator color=\u00bborange\u00bb style=\u00bbshadow\u00bb][\/vc_column][vc_column width=\u00bb1\/3&#8243;][\/vc_column][\/vc_row][vc_row][vc_column][vc_separator color=\u00bborange\u00bb style=\u00bbshadow\u00bb][\/vc_column][\/vc_row][vc_row][vc_column width=\u00bb1\/4&#8243;][\/vc_column][vc_column width=\u00bb1\/2&#8243;][vc_column_text] \u00a0 Nuestra base es\u00a0la ciencia y todas las investigaciones\u00a0que demuestran los beneficios de practicar mindfulness. Esa capacidad la tenemos todos, est\u00e1 en tu interior y el\u00a0m\u00e9todo intimind\u00a0te ayuda a descubrirla y desarrollarla. Si [&hellip;]<\/p>\n","protected":false},"author":2,"featured_media":99,"parent":0,"menu_order":0,"comment_status":"closed","ping_status":"closed","template":"","meta":[],"_links":{"self":[{"href":"https:\/\/intimind.es\/home\/wp-json\/wp\/v2\/pages\/1089"}],"collection":[{"href":"https:\/\/intimind.es\/home\/wp-json\/wp\/v2\/pages"}],"about":[{"href":"https:\/\/intimind.es\/home\/wp-json\/wp\/v2\/types\/page"}],"author":[{"embeddable":true,"href":"https:\/\/intimind.es\/home\/wp-json\/wp\/v2\/users\/2"}],"replies":[{"embeddable":true,"href":"https:\/\/intimind.es\/home\/wp-json\/wp\/v2\/comments?post=1089"}],"version-history":[{"count":13,"href":"https:\/\/intimind.es\/home\/wp-json\/wp\/v2\/pages\/1089\/revisions"}],"predecessor-version":[{"id":4322,"href":"https:\/\/intimind.es\/home\/wp-json\/wp\/v2\/pages\/1089\/revisions\/4322"}],"wp:featuredmedia":[{"embeddable":true,"href":"https:\/\/intimind.es\/home\/wp-json\/wp\/v2\/media\/99"}],"wp:attachment":[{"href":"https:\/\/intimind.es\/home\/wp-json\/wp\/v2\/media?parent=1089"}],"curies":[{"name":"wp","href":"https:\/\/api.w.org\/{rel}","templated":true}]}}